{"id":9926,"date":"2021-03-23T17:34:16","date_gmt":"2021-03-23T17:34:16","guid":{"rendered":"https:\/\/www.compupcsigns.com\/site\/?post_type=product&#038;p=9926"},"modified":"2024-07-15T19:28:30","modified_gmt":"2024-07-15T19:28:30","slug":"tarjetas-de-presentacion-spot-uv","status":"publish","type":"product","link":"https:\/\/www.compupcsigns.com\/site\/es\/productos\/tarjetas-de-presentacion-spot-uv\/","title":{"rendered":"Tarjetas de Presentaci\u00f3n Spot UV"},"content":{"rendered":"<h2>Destaque con las tarjetas de presentaci\u00f3n Spot UV<\/h2>\n<p>Mejore la imagen de su negocio y d\u00e9 vida a sus tarjetas de presentaci\u00f3n Spot UV con un gran dise\u00f1o. El Spot Gloss (tambi\u00e9n conocido como Spot UV) le permite agregar brillo en diferentes lugares de sus tarjetas.<\/p>\n<p>Asimismo, la impresi\u00f3n Spot UV es una t\u00e9cnica en la que se aplica un recubrimiento UV a un \u00e1rea espec\u00edfica de sus proyectos de impresi\u00f3n. Adem\u00e1s, esto permite crear un gran contraste con el resto del dise\u00f1o. De esta forma podemos aplicar este proceso a las tarjetas de presentaci\u00f3n para resaltar lo que quieras que se note en el dise\u00f1o. La impresi\u00f3n UV dar\u00e1 como resultado tarjetas impresionantes y dif\u00edciles de olvidar.<\/p>\n<p>Este tipo de tarjetas de presentaci\u00f3n vienen impresas en material de 16 pt. , presentadas en un tama\u00f1o de 2 \u2033 x 3,5 \u2033. Por otro lado, es ideal para entregarlo a potenciales clientes o VIPs en una reuni\u00f3n.<\/p>\n<h3>A\u00f1ade brillo y lujo a su imagen<\/h3>\n<p>Evidentemente este tipo de tarjetas se utilizan principalmente por su dise\u00f1o decorativo. Adem\u00e1s, este efecto profundiza el color de las zonas a las que se aplica, esta propiedad debe sopesarse durante el dise\u00f1o de un producto.<\/p>\n<h3>Beneficios de la impresi\u00f3n UV puntual:<\/h3>\n<ul>\n<li>Gran brillo.<\/li>\n<li>Visualmente impresionante.<\/li>\n<li>Resiste las manchas.<\/li>\n<li>Destaca del resto.<\/li>\n<\/ul>\n<p>Encuentra m\u00e1s productos como este en la p\u00e1gina de <span style=\"color: #0000ff;\"><a style=\"color: #0000ff;\" href=\"https:\/\/www.compupcsigns.com\/site\/es\/categoria-de-productos\/productos-de-marketing\/\">Productos de Marketing<\/a><\/span>.<\/p>\n","protected":false},"excerpt":{"rendered":"<p>Destaque con las tarjetas de presentaci\u00f3n Spot UV Mejore la imagen de su negocio y d\u00e9 vida a sus tarjetas de presentaci\u00f3n Spot UV con un gran dise\u00f1o. El Spot Gloss (tambi\u00e9n conocido como Spot UV) le permite agregar brillo en diferentes lugares de sus tarjetas. Asimismo, la impresi\u00f3n Spot UV es una t\u00e9cnica en [&hellip;]<\/p>\n","protected":false},"featured_media":9928,"template":"","meta":{"site-sidebar-layout":"default","site-content-layout":"default","ast-site-content-layout":"default","site-content-style":"default","site-sidebar-style":"default","ast-global-header-display":"","ast-banner-title-visibility":"","ast-main-header-display":"","ast-hfb-above-header-display":"","ast-hfb-below-header-display":"","ast-hfb-mobile-header-display":"","site-post-title":"","ast-breadcrumbs-content":"","ast-featured-img":"","footer-sml-layout":"","ast-disable-related-posts":"","theme-transparent-header-meta":"default","adv-header-id-meta":"","stick-header-meta":"default","header-above-stick-meta":"","header-main-stick-meta":"","header-below-stick-meta":"","astra-migrate-meta-layouts":"set","ast-page-background-enabled":"default","ast-page-background-meta":{"desktop":{"background-color":"","background-image":"","background-repeat":"repeat","background-position":"center center","background-size":"auto","background-attachment":"scroll","background-type":"","background-media":"","overlay-type":"","overlay-color":"","overlay-opacity":"","overlay-gradient":""},"tablet":{"background-color":"","background-image":"","background-repeat":"repeat","background-position":"center center","background-size":"auto","background-attachment":"scroll","background-type":"","background-media":"","overlay-type":"","overlay-color":"","overlay-opacity":"","overlay-gradient":""},"mobile":{"background-color":"","background-image":"","background-repeat":"repeat","background-position":"center center","background-size":"auto","background-attachment":"scroll","background-type":"","background-media":"","overlay-type":"","overlay-color":"","overlay-opacity":"","overlay-gradient":""}},"ast-content-background-meta":{"desktop":{"background-color":"var(--ast-global-color-5)","background-image":"","background-repeat":"repeat","background-position":"center center","background-size":"auto","background-attachment":"scroll","background-type":"","background-media":"","overlay-type":"","overlay-color":"","overlay-opacity":"","overlay-gradient":""},"tablet":{"background-color":"var(--ast-global-color-5)","background-image":"","background-repeat":"repeat","background-position":"center center","background-size":"auto","background-attachment":"scroll","background-type":"","background-media":"","overlay-type":"","overlay-color":"","overlay-opacity":"","overlay-gradient":""},"mobile":{"background-color":"var(--ast-global-color-5)","background-image":"","background-repeat":"repeat","background-position":"center center","background-size":"auto","background-attachment":"scroll","background-type":"","background-media":"","overlay-type":"","overlay-color":"","overlay-opacity":"","overlay-gradient":""}},"_joinchat":[]},"product_brand":[],"product_cat":[124,758],"product_tag":[],"class_list":{"0":"post-9926","1":"product","2":"type-product","3":"status-publish","4":"has-post-thumbnail","6":"product_cat-productos-de-marketing","7":"product_cat-tarjetas-de-presentacion","8":"product_shipping_class-envio-incluido","9":"tm-has-options","10":"desktop-align-center","11":"tablet-align-center","12":"mobile-align-center","13":"ast-product-gallery-layout-horizontal","14":"ast-product-tabs-layout-horizontal","16":"first","17":"instock","18":"sold-individually","19":"taxable","20":"shipping-taxable","21":"purchasable","22":"product-type-simple"},"lang":"es","translations":{"es":9926,"en":9910},"pll_sync_post":[],"_links":{"self":[{"href":"https:\/\/www.compupcsigns.com\/site\/wp-json\/wp\/v2\/product\/9926","targetHints":{"allow":["GET"]}}],"collection":[{"href":"https:\/\/www.compupcsigns.com\/site\/wp-json\/wp\/v2\/product"}],"about":[{"href":"https:\/\/www.compupcsigns.com\/site\/wp-json\/wp\/v2\/types\/product"}],"version-history":[{"count":1,"href":"https:\/\/www.compupcsigns.com\/site\/wp-json\/wp\/v2\/product\/9926\/revisions"}],"predecessor-version":[{"id":9930,"href":"https:\/\/www.compupcsigns.com\/site\/wp-json\/wp\/v2\/product\/9926\/revisions\/9930"}],"wp:featuredmedia":[{"embeddable":true,"href":"https:\/\/www.compupcsigns.com\/site\/wp-json\/wp\/v2\/media\/9928"}],"wp:attachment":[{"href":"https:\/\/www.compupcsigns.com\/site\/wp-json\/wp\/v2\/media?parent=9926"}],"wp:term":[{"taxonomy":"product_brand","embeddable":true,"href":"https:\/\/www.compupcsigns.com\/site\/wp-json\/wp\/v2\/product_brand?post=9926"},{"taxonomy":"product_cat","embeddable":true,"href":"https:\/\/www.compupcsigns.com\/site\/wp-json\/wp\/v2\/product_cat?post=9926"},{"taxonomy":"product_tag","embeddable":true,"href":"https:\/\/www.compupcsigns.com\/site\/wp-json\/wp\/v2\/product_tag?post=9926"}],"curies":[{"name":"wp","href":"https:\/\/api.w.org\/{rel}","templated":true}]}}