{"id":8689,"date":"2021-03-10T20:13:04","date_gmt":"2021-03-10T20:13:04","guid":{"rendered":"https:\/\/www.compupcsigns.com\/site\/?post_type=product&#038;p=8689"},"modified":"2024-03-26T21:07:13","modified_gmt":"2024-03-26T21:07:13","slug":"formularios-de-facturas","status":"publish","type":"product","link":"https:\/\/www.compupcsigns.com\/site\/es\/productos\/formularios-de-facturas\/","title":{"rendered":"Formularios de Facturas"},"content":{"rendered":"<p>Una parte esencial de cualquier empresa, la importancia de los formularios bien dise\u00f1ados a menudo se pasa por alto. Tener los formularios adecuados a mano no solo ayudar\u00e1 a quienes trabajan dentro de la empresa, sino que tambi\u00e9n asegurar\u00e1 que los clientes tengan la impresi\u00f3n de que est\u00e1n tratando con una organizaci\u00f3n profesional y confiable.<\/p>\n<ul>\n<li>Formularios de hojas sueltas.<\/li>\n<li>Tama\u00f1os: 8.5&#215;5.5 pulgadas y 8.5&#215;11 pulgadas.<\/li>\n<\/ul>\n","protected":false},"excerpt":{"rendered":"<p>Formularios comerciales para facilitar los procesos del d\u00eda a d\u00eda.<\/p>\n<p>Olv\u00eddese del papel carb\u00f3n con los formularios NCR, la alternativa moderna al papel carb\u00f3n. Los formularios NCR son una forma eficaz de proporcionar copias multicolor de un \u00fanico documento con informaci\u00f3n escrita a mano o a m\u00e1quina.<\/p>\n<ul>\n<li>Disponibles en varios tama\u00f1os<\/li>\n<li>Impresos en papel de calidad superior<\/li>\n<li>Entrega super r\u00e1pida<\/li>\n<\/ul>\n","protected":false},"featured_media":9640,"template":"","meta":{"site-sidebar-layout":"default","site-content-layout":"default","ast-site-content-layout":"default","site-content-style":"default","site-sidebar-style":"default","ast-global-header-display":"","ast-banner-title-visibility":"","ast-main-header-display":"","ast-hfb-above-header-display":"","ast-hfb-below-header-display":"","ast-hfb-mobile-header-display":"","site-post-title":"","ast-breadcrumbs-content":"","ast-featured-img":"","footer-sml-layout":"","ast-disable-related-posts":"","theme-transparent-header-meta":"default","adv-header-id-meta":"","stick-header-meta":"default","header-above-stick-meta":"","header-main-stick-meta":"","header-below-stick-meta":"","astra-migrate-meta-layouts":"set","ast-page-background-enabled":"default","ast-page-background-meta":{"desktop":{"background-color":"","background-image":"","background-repeat":"repeat","background-position":"center center","background-size":"auto","background-attachment":"scroll","background-type":"","background-media":"","overlay-type":"","overlay-color":"","overlay-opacity":"","overlay-gradient":""},"tablet":{"background-color":"","background-image":"","background-repeat":"repeat","background-position":"center center","background-size":"auto","background-attachment":"scroll","background-type":"","background-media":"","overlay-type":"","overlay-color":"","overlay-opacity":"","overlay-gradient":""},"mobile":{"background-color":"","background-image":"","background-repeat":"repeat","background-position":"center center","background-size":"auto","background-attachment":"scroll","background-type":"","background-media":"","overlay-type":"","overlay-color":"","overlay-opacity":"","overlay-gradient":""}},"ast-content-background-meta":{"desktop":{"background-color":"var(--ast-global-color-5)","background-image":"","background-repeat":"repeat","background-position":"center center","background-size":"auto","background-attachment":"scroll","background-type":"","background-media":"","overlay-type":"","overlay-color":"","overlay-opacity":"","overlay-gradient":""},"tablet":{"background-color":"var(--ast-global-color-5)","background-image":"","background-repeat":"repeat","background-position":"center center","background-size":"auto","background-attachment":"scroll","background-type":"","background-media":"","overlay-type":"","overlay-color":"","overlay-opacity":"","overlay-gradient":""},"mobile":{"background-color":"var(--ast-global-color-5)","background-image":"","background-repeat":"repeat","background-position":"center center","background-size":"auto","background-attachment":"scroll","background-type":"","background-media":"","overlay-type":"","overlay-color":"","overlay-opacity":"","overlay-gradient":""}},"_joinchat":[]},"product_brand":[],"product_cat":[124],"product_tag":[],"class_list":{"0":"post-8689","1":"product","2":"type-product","3":"status-publish","4":"has-post-thumbnail","6":"product_cat-productos-de-marketing","7":"product_shipping_class-envio-incluido","8":"tm-has-options","9":"desktop-align-center","10":"tablet-align-center","11":"mobile-align-center","12":"ast-product-gallery-layout-horizontal","13":"ast-product-tabs-layout-horizontal","15":"first","16":"instock","17":"sold-individually","18":"taxable","19":"shipping-taxable","20":"purchasable","21":"product-type-simple"},"lang":"es","translations":{"es":8689,"en":5029},"pll_sync_post":[],"_links":{"self":[{"href":"https:\/\/www.compupcsigns.com\/site\/wp-json\/wp\/v2\/product\/8689","targetHints":{"allow":["GET"]}}],"collection":[{"href":"https:\/\/www.compupcsigns.com\/site\/wp-json\/wp\/v2\/product"}],"about":[{"href":"https:\/\/www.compupcsigns.com\/site\/wp-json\/wp\/v2\/types\/product"}],"version-history":[{"count":8,"href":"https:\/\/www.compupcsigns.com\/site\/wp-json\/wp\/v2\/product\/8689\/revisions"}],"predecessor-version":[{"id":22693,"href":"https:\/\/www.compupcsigns.com\/site\/wp-json\/wp\/v2\/product\/8689\/revisions\/22693"}],"wp:featuredmedia":[{"embeddable":true,"href":"https:\/\/www.compupcsigns.com\/site\/wp-json\/wp\/v2\/media\/9640"}],"wp:attachment":[{"href":"https:\/\/www.compupcsigns.com\/site\/wp-json\/wp\/v2\/media?parent=8689"}],"wp:term":[{"taxonomy":"product_brand","embeddable":true,"href":"https:\/\/www.compupcsigns.com\/site\/wp-json\/wp\/v2\/product_brand?post=8689"},{"taxonomy":"product_cat","embeddable":true,"href":"https:\/\/www.compupcsigns.com\/site\/wp-json\/wp\/v2\/product_cat?post=8689"},{"taxonomy":"product_tag","embeddable":true,"href":"https:\/\/www.compupcsigns.com\/site\/wp-json\/wp\/v2\/product_tag?post=8689"}],"curies":[{"name":"wp","href":"https:\/\/api.w.org\/{rel}","templated":true}]}}