{"id":8633,"date":"2021-03-10T20:14:09","date_gmt":"2021-03-10T20:14:09","guid":{"rendered":"https:\/\/www.compupcsigns.com\/site\/?post_type=product&#038;p=8633"},"modified":"2024-04-23T18:23:20","modified_gmt":"2024-04-23T18:23:20","slug":"bloc-de-notas","status":"publish","type":"product","link":"https:\/\/www.compupcsigns.com\/site\/es\/productos\/bloc-de-notas\/","title":{"rendered":"Bloc de Notas"},"content":{"rendered":"<p>Los Bloc de Notas personalizados e impresos a medida son una excelente manera de hacer que los recordatorios sean m\u00e1s divertidos o de darle un toque profesional a los suministros de oficina. \u00daselos para todo, desde listas de compras hasta notas de reuniones. Personal\u00edcelos con logotipos, nombres de empresas o mensajes e im\u00e1genes especiales para amigos y familiares.<\/p>\n<p>Tama\u00f1os:<\/p>\n<ul>\n<li>4.25&#215;5.5 pulgadas.<\/li>\n<li>3.5&#215;8.5 pulgadas.<\/li>\n<li>4&#215;6 pulgadas.<\/li>\n<li>5.5&#215;8.5 pulgadas.<\/li>\n<li>8.5x 11 pulgadas.<\/li>\n<\/ul>\n","protected":false},"excerpt":{"rendered":"<p>Los blocs de notas son el producto de marca ideal para cualquier empresa, son ideales para tomar notas y se pueden personalizar con logotipos, esl\u00f3ganes, informaci\u00f3n de contacto, etc.<\/p>\n<ul>\n<li>Impresos en cuatricrom\u00eda (4\/0)<\/li>\n<li>Disponibles en varios tama\u00f1os est\u00e1ndar y n\u00fameros de p\u00e1ginas<\/li>\n<li>Impresos en p\u00e1ginas de texto blanco brillante de 70 lb de calidad superior o en p\u00e1ginas de texto sin recubrimiento de 70 lb de lino sobre resistentes soportes de aglomerado.<\/li>\n<\/ul>\n","protected":false},"featured_media":11494,"template":"","meta":{"site-sidebar-layout":"default","site-content-layout":"default","ast-site-content-layout":"default","site-content-style":"default","site-sidebar-style":"default","ast-global-header-display":"","ast-banner-title-visibility":"","ast-main-header-display":"","ast-hfb-above-header-display":"","ast-hfb-below-header-display":"","ast-hfb-mobile-header-display":"","site-post-title":"","ast-breadcrumbs-content":"","ast-featured-img":"","footer-sml-layout":"","ast-disable-related-posts":"","theme-transparent-header-meta":"default","adv-header-id-meta":"","stick-header-meta":"default","header-above-stick-meta":"","header-main-stick-meta":"","header-below-stick-meta":"","astra-migrate-meta-layouts":"set","ast-page-background-enabled":"default","ast-page-background-meta":{"desktop":{"background-color":"","background-image":"","background-repeat":"repeat","background-position":"center center","background-size":"auto","background-attachment":"scroll","background-type":"","background-media":"","overlay-type":"","overlay-color":"","overlay-opacity":"","overlay-gradient":""},"tablet":{"background-color":"","background-image":"","background-repeat":"repeat","background-position":"center center","background-size":"auto","background-attachment":"scroll","background-type":"","background-media":"","overlay-type":"","overlay-color":"","overlay-opacity":"","overlay-gradient":""},"mobile":{"background-color":"","background-image":"","background-repeat":"repeat","background-position":"center center","background-size":"auto","background-attachment":"scroll","background-type":"","background-media":"","overlay-type":"","overlay-color":"","overlay-opacity":"","overlay-gradient":""}},"ast-content-background-meta":{"desktop":{"background-color":"var(--ast-global-color-5)","background-image":"","background-repeat":"repeat","background-position":"center center","background-size":"auto","background-attachment":"scroll","background-type":"","background-media":"","overlay-type":"","overlay-color":"","overlay-opacity":"","overlay-gradient":""},"tablet":{"background-color":"var(--ast-global-color-5)","background-image":"","background-repeat":"repeat","background-position":"center center","background-size":"auto","background-attachment":"scroll","background-type":"","background-media":"","overlay-type":"","overlay-color":"","overlay-opacity":"","overlay-gradient":""},"mobile":{"background-color":"var(--ast-global-color-5)","background-image":"","background-repeat":"repeat","background-position":"center center","background-size":"auto","background-attachment":"scroll","background-type":"","background-media":"","overlay-type":"","overlay-color":"","overlay-opacity":"","overlay-gradient":""}},"_joinchat":[]},"product_brand":[],"product_cat":[124],"product_tag":[],"class_list":{"0":"post-8633","1":"product","2":"type-product","3":"status-publish","4":"has-post-thumbnail","6":"product_cat-productos-de-marketing","7":"product_shipping_class-envio-incluido","8":"tm-has-options","9":"desktop-align-center","10":"tablet-align-center","11":"mobile-align-center","12":"ast-product-gallery-layout-horizontal","13":"ast-product-tabs-layout-horizontal","15":"first","16":"instock","17":"taxable","18":"shipping-taxable","19":"purchasable","20":"product-type-simple"},"lang":"es","translations":{"es":8633,"en":5031},"pll_sync_post":[],"_links":{"self":[{"href":"https:\/\/www.compupcsigns.com\/site\/wp-json\/wp\/v2\/product\/8633","targetHints":{"allow":["GET"]}}],"collection":[{"href":"https:\/\/www.compupcsigns.com\/site\/wp-json\/wp\/v2\/product"}],"about":[{"href":"https:\/\/www.compupcsigns.com\/site\/wp-json\/wp\/v2\/types\/product"}],"version-history":[{"count":5,"href":"https:\/\/www.compupcsigns.com\/site\/wp-json\/wp\/v2\/product\/8633\/revisions"}],"predecessor-version":[{"id":23585,"href":"https:\/\/www.compupcsigns.com\/site\/wp-json\/wp\/v2\/product\/8633\/revisions\/23585"}],"wp:featuredmedia":[{"embeddable":true,"href":"https:\/\/www.compupcsigns.com\/site\/wp-json\/wp\/v2\/media\/11494"}],"wp:attachment":[{"href":"https:\/\/www.compupcsigns.com\/site\/wp-json\/wp\/v2\/media?parent=8633"}],"wp:term":[{"taxonomy":"product_brand","embeddable":true,"href":"https:\/\/www.compupcsigns.com\/site\/wp-json\/wp\/v2\/product_brand?post=8633"},{"taxonomy":"product_cat","embeddable":true,"href":"https:\/\/www.compupcsigns.com\/site\/wp-json\/wp\/v2\/product_cat?post=8633"},{"taxonomy":"product_tag","embeddable":true,"href":"https:\/\/www.compupcsigns.com\/site\/wp-json\/wp\/v2\/product_tag?post=8633"}],"curies":[{"name":"wp","href":"https:\/\/api.w.org\/{rel}","templated":true}]}}