{"id":8626,"date":"2021-03-10T20:14:09","date_gmt":"2021-03-10T20:14:09","guid":{"rendered":"https:\/\/www.compupcsigns.com\/site\/?post_type=product&#038;p=8626"},"modified":"2024-04-29T15:06:38","modified_gmt":"2024-04-29T15:06:38","slug":"flyers-para-correo-usps","status":"publish","type":"product","link":"https:\/\/www.compupcsigns.com\/site\/es\/productos\/flyers-para-correo-usps\/","title":{"rendered":"Flyers para Correo USPS"},"content":{"rendered":"<p>Los flyers tienen mucho espacio para anunciar los productos y servicios que ofrece su empresa. Estas piezas son m\u00e1s grandes que las postales, lo que le permite brindar m\u00e1s informaci\u00f3n sobre su empresa. Incluso hay espacio para cupones y ofertas especiales para atraer a los clientes a visitar su ubicaci\u00f3n.<\/p>\n","protected":false},"excerpt":{"rendered":"<p>USPS\u00ae Every Door Direct Mail\u00ae (EDDM\u00ae) es un servicio asequible dise\u00f1ado para ayudarle a llegar a su p\u00fablico objetivo mediante la entrega de su material promocional y publicitario directamente en los buzones a lo largo de las rutas postales USPS\u00ae espec\u00edficas que usted seleccione.<\/p>\n<ul>\n<li>Impreso con materiales de calidad superior<\/li>\n<li>Impresi\u00f3n a una o dos caras<\/li>\n<li>Disponible en varios tama\u00f1os<\/li>\n<li>Disponible como servicio de s\u00f3lo impresi\u00f3n o como servicio completo (ver m\u00e1s abajo)<\/li>\n<\/ul>\n<p><strong>Servicio completo:<\/strong><\/p>\n<p>Nuestra soluci\u00f3n de servicio completo EDDM elimina todas las conjeturas del proceso. Utilice nuestra herramienta en l\u00ednea f\u00e1cil de usar para elegir un producto, elegir sus rutas EDDM y cargar su material gr\u00e1fico. A continuaci\u00f3n, nosotros nos encargamos de la impresi\u00f3n, el empaquetado, el procesamiento EDDM y la entrega a USPS.<\/p>\n<p><strong>S\u00f3lo impresi\u00f3n:<\/strong><\/p>\n<p>Todos nuestros tama\u00f1os han sido aprobados por el USPS para la entrega EDDM. Utilice nuestras plantillas para dise\u00f1ar su material gr\u00e1fico y, a continuaci\u00f3n, inserte su propia Indicia. Tenga en cuenta que todav\u00eda tiene que imprimir el papeleo y procesar el pedido EDDM usted mismo.<\/p>\n","protected":false},"featured_media":9560,"template":"","meta":{"site-sidebar-layout":"default","site-content-layout":"default","ast-site-content-layout":"default","site-content-style":"default","site-sidebar-style":"default","ast-global-header-display":"","ast-banner-title-visibility":"","ast-main-header-display":"","ast-hfb-above-header-display":"","ast-hfb-below-header-display":"","ast-hfb-mobile-header-display":"","site-post-title":"","ast-breadcrumbs-content":"","ast-featured-img":"","footer-sml-layout":"","ast-disable-related-posts":"","theme-transparent-header-meta":"default","adv-header-id-meta":"","stick-header-meta":"default","header-above-stick-meta":"","header-main-stick-meta":"","header-below-stick-meta":"","astra-migrate-meta-layouts":"set","ast-page-background-enabled":"default","ast-page-background-meta":{"desktop":{"background-color":"","background-image":"","background-repeat":"repeat","background-position":"center center","background-size":"auto","background-attachment":"scroll","background-type":"","background-media":"","overlay-type":"","overlay-color":"","overlay-opacity":"","overlay-gradient":""},"tablet":{"background-color":"","background-image":"","background-repeat":"repeat","background-position":"center center","background-size":"auto","background-attachment":"scroll","background-type":"","background-media":"","overlay-type":"","overlay-color":"","overlay-opacity":"","overlay-gradient":""},"mobile":{"background-color":"","background-image":"","background-repeat":"repeat","background-position":"center center","background-size":"auto","background-attachment":"scroll","background-type":"","background-media":"","overlay-type":"","overlay-color":"","overlay-opacity":"","overlay-gradient":""}},"ast-content-background-meta":{"desktop":{"background-color":"var(--ast-global-color-5)","background-image":"","background-repeat":"repeat","background-position":"center center","background-size":"auto","background-attachment":"scroll","background-type":"","background-media":"","overlay-type":"","overlay-color":"","overlay-opacity":"","overlay-gradient":""},"tablet":{"background-color":"var(--ast-global-color-5)","background-image":"","background-repeat":"repeat","background-position":"center center","background-size":"auto","background-attachment":"scroll","background-type":"","background-media":"","overlay-type":"","overlay-color":"","overlay-opacity":"","overlay-gradient":""},"mobile":{"background-color":"var(--ast-global-color-5)","background-image":"","background-repeat":"repeat","background-position":"center center","background-size":"auto","background-attachment":"scroll","background-type":"","background-media":"","overlay-type":"","overlay-color":"","overlay-opacity":"","overlay-gradient":""}},"_joinchat":[]},"product_brand":[],"product_cat":[124],"product_tag":[],"class_list":{"0":"post-8626","1":"product","2":"type-product","3":"status-publish","4":"has-post-thumbnail","6":"product_cat-productos-de-marketing","7":"tm-has-options","8":"desktop-align-center","9":"tablet-align-center","10":"mobile-align-center","11":"ast-product-gallery-layout-horizontal","12":"ast-product-tabs-layout-horizontal","14":"first","15":"instock","16":"taxable","17":"shipping-taxable","18":"purchasable","19":"product-type-simple"},"lang":"es","translations":{"es":8626,"en":5198},"pll_sync_post":[],"_links":{"self":[{"href":"https:\/\/www.compupcsigns.com\/site\/wp-json\/wp\/v2\/product\/8626","targetHints":{"allow":["GET"]}}],"collection":[{"href":"https:\/\/www.compupcsigns.com\/site\/wp-json\/wp\/v2\/product"}],"about":[{"href":"https:\/\/www.compupcsigns.com\/site\/wp-json\/wp\/v2\/types\/product"}],"version-history":[{"count":4,"href":"https:\/\/www.compupcsigns.com\/site\/wp-json\/wp\/v2\/product\/8626\/revisions"}],"predecessor-version":[{"id":23606,"href":"https:\/\/www.compupcsigns.com\/site\/wp-json\/wp\/v2\/product\/8626\/revisions\/23606"}],"wp:featuredmedia":[{"embeddable":true,"href":"https:\/\/www.compupcsigns.com\/site\/wp-json\/wp\/v2\/media\/9560"}],"wp:attachment":[{"href":"https:\/\/www.compupcsigns.com\/site\/wp-json\/wp\/v2\/media?parent=8626"}],"wp:term":[{"taxonomy":"product_brand","embeddable":true,"href":"https:\/\/www.compupcsigns.com\/site\/wp-json\/wp\/v2\/product_brand?post=8626"},{"taxonomy":"product_cat","embeddable":true,"href":"https:\/\/www.compupcsigns.com\/site\/wp-json\/wp\/v2\/product_cat?post=8626"},{"taxonomy":"product_tag","embeddable":true,"href":"https:\/\/www.compupcsigns.com\/site\/wp-json\/wp\/v2\/product_tag?post=8626"}],"curies":[{"name":"wp","href":"https:\/\/api.w.org\/{rel}","templated":true}]}}