{"id":8609,"date":"2021-03-10T20:13:03","date_gmt":"2021-03-10T20:13:03","guid":{"rendered":"https:\/\/www.compupcsigns.com\/site\/?post_type=product&#038;p=8609"},"modified":"2024-04-23T18:50:17","modified_gmt":"2024-04-23T18:50:17","slug":"colgadores-de-puerta","status":"publish","type":"product","link":"https:\/\/www.compupcsigns.com\/site\/es\/productos\/colgadores-de-puerta\/","title":{"rendered":"Colgadores de Puerta"},"content":{"rendered":"<h2>Maximice su impacto de marketing con los Colgadores de Puerta<\/h2>\n<p>Los Colgadores de Puerta son una forma sencilla, directa y eficaz de publicitar su empresa o marca. Los personalizamos para su negocio, para que sean exclusivamente suyos. Captar\u00e1n la atenci\u00f3n de sus clientes y se conectar\u00e1n con ellos mientras lleva su mensaje a sus hogares.<\/p>\n<p>Podemos imprimirlos en 16 pt de grosor. Cartulina con revestimiento AQ. Elija lo que elija, obtendr\u00e1 resultados profesionales al mejor precio. Y un hermoso producto impreso en todo momento.<\/p>\n<p>Puedes encontrar productos relacionados en <a href=\"https:\/\/www.compupcsigns.com\/site\/product-category\/marketing-products\/\">Productos de Marketing<\/a>.<\/p>\n","protected":false},"excerpt":{"rendered":"<p>En este mundo en r\u00e1pida evoluci\u00f3n de estrategias de marketing directo, los colgadores de puerta son una forma probada y verdadera de llegar a los clientes a la antigua usanza. Colgar la informaci\u00f3n de la empresa donde no puede perderse (en la puerta del cliente) es una forma ideal para que las empresas locales den a conocer su marca. Nuestros colgadores de puerta impresos a medida se imprimen en varios tipos de papel duradero y tiene la opci\u00f3n de imprimir por ambas caras, lo que permite un amplio espacio para el texto y los elementos visuales, maximizando as\u00ed el impacto de marketing con gran eficacia.<\/p>\n<ul>\n<li>Impresos en papel Premium<\/li>\n<li>Variedad de revestimientos<\/li>\n<li>Impresi\u00f3n a una o dos caras<\/li>\n<li>Entrega superr\u00e1pida<\/li>\n<\/ul>\n<p><strong>Usos e ideas populares<\/strong><\/p>\n<ul>\n<li>Colgadores de puerta promocionales e informativos<\/li>\n<li>Se\u00f1ales de no molestar<\/li>\n<li>Gran inauguraci\u00f3n<\/li>\n<\/ul>\n","protected":false},"featured_media":9642,"template":"","meta":{"site-sidebar-layout":"default","site-content-layout":"default","ast-site-content-layout":"default","site-content-style":"default","site-sidebar-style":"default","ast-global-header-display":"","ast-banner-title-visibility":"","ast-main-header-display":"","ast-hfb-above-header-display":"","ast-hfb-below-header-display":"","ast-hfb-mobile-header-display":"","site-post-title":"","ast-breadcrumbs-content":"","ast-featured-img":"","footer-sml-layout":"","ast-disable-related-posts":"","theme-transparent-header-meta":"default","adv-header-id-meta":"","stick-header-meta":"default","header-above-stick-meta":"","header-main-stick-meta":"","header-below-stick-meta":"","astra-migrate-meta-layouts":"set","ast-page-background-enabled":"default","ast-page-background-meta":{"desktop":{"background-color":"","background-image":"","background-repeat":"repeat","background-position":"center center","background-size":"auto","background-attachment":"scroll","background-type":"","background-media":"","overlay-type":"","overlay-color":"","overlay-opacity":"","overlay-gradient":""},"tablet":{"background-color":"","background-image":"","background-repeat":"repeat","background-position":"center center","background-size":"auto","background-attachment":"scroll","background-type":"","background-media":"","overlay-type":"","overlay-color":"","overlay-opacity":"","overlay-gradient":""},"mobile":{"background-color":"","background-image":"","background-repeat":"repeat","background-position":"center center","background-size":"auto","background-attachment":"scroll","background-type":"","background-media":"","overlay-type":"","overlay-color":"","overlay-opacity":"","overlay-gradient":""}},"ast-content-background-meta":{"desktop":{"background-color":"var(--ast-global-color-5)","background-image":"","background-repeat":"repeat","background-position":"center center","background-size":"auto","background-attachment":"scroll","background-type":"","background-media":"","overlay-type":"","overlay-color":"","overlay-opacity":"","overlay-gradient":""},"tablet":{"background-color":"var(--ast-global-color-5)","background-image":"","background-repeat":"repeat","background-position":"center center","background-size":"auto","background-attachment":"scroll","background-type":"","background-media":"","overlay-type":"","overlay-color":"","overlay-opacity":"","overlay-gradient":""},"mobile":{"background-color":"var(--ast-global-color-5)","background-image":"","background-repeat":"repeat","background-position":"center center","background-size":"auto","background-attachment":"scroll","background-type":"","background-media":"","overlay-type":"","overlay-color":"","overlay-opacity":"","overlay-gradient":""}},"_joinchat":[]},"product_brand":[],"product_cat":[124],"product_tag":[],"class_list":{"0":"post-8609","1":"product","2":"type-product","3":"status-publish","4":"has-post-thumbnail","6":"product_cat-productos-de-marketing","7":"tm-has-options","8":"desktop-align-center","9":"tablet-align-center","10":"mobile-align-center","11":"ast-product-gallery-layout-horizontal","12":"ast-product-tabs-layout-horizontal","14":"first","15":"instock","16":"taxable","17":"shipping-taxable","18":"purchasable","19":"product-type-simple"},"lang":"es","translations":{"es":8609,"en":6755},"pll_sync_post":[],"_links":{"self":[{"href":"https:\/\/www.compupcsigns.com\/site\/wp-json\/wp\/v2\/product\/8609","targetHints":{"allow":["GET"]}}],"collection":[{"href":"https:\/\/www.compupcsigns.com\/site\/wp-json\/wp\/v2\/product"}],"about":[{"href":"https:\/\/www.compupcsigns.com\/site\/wp-json\/wp\/v2\/types\/product"}],"version-history":[{"count":6,"href":"https:\/\/www.compupcsigns.com\/site\/wp-json\/wp\/v2\/product\/8609\/revisions"}],"predecessor-version":[{"id":23591,"href":"https:\/\/www.compupcsigns.com\/site\/wp-json\/wp\/v2\/product\/8609\/revisions\/23591"}],"wp:featuredmedia":[{"embeddable":true,"href":"https:\/\/www.compupcsigns.com\/site\/wp-json\/wp\/v2\/media\/9642"}],"wp:attachment":[{"href":"https:\/\/www.compupcsigns.com\/site\/wp-json\/wp\/v2\/media?parent=8609"}],"wp:term":[{"taxonomy":"product_brand","embeddable":true,"href":"https:\/\/www.compupcsigns.com\/site\/wp-json\/wp\/v2\/product_brand?post=8609"},{"taxonomy":"product_cat","embeddable":true,"href":"https:\/\/www.compupcsigns.com\/site\/wp-json\/wp\/v2\/product_cat?post=8609"},{"taxonomy":"product_tag","embeddable":true,"href":"https:\/\/www.compupcsigns.com\/site\/wp-json\/wp\/v2\/product_tag?post=8609"}],"curies":[{"name":"wp","href":"https:\/\/api.w.org\/{rel}","templated":true}]}}