{"id":8465,"date":"2021-03-10T20:16:42","date_gmt":"2021-03-10T20:16:42","guid":{"rendered":"https:\/\/www.compupcsigns.com\/site\/?post_type=product&#038;p=8465"},"modified":"2024-12-09T20:39:23","modified_gmt":"2024-12-09T20:39:23","slug":"bandera-tipo-vela","status":"publish","type":"product","link":"https:\/\/www.compupcsigns.com\/site\/es\/productos\/bandera-tipo-vela\/","title":{"rendered":"Bandera Tipo Vela"},"content":{"rendered":"<p>Las banderas se imprimen utilizando un equipo superior de sublimaci\u00f3n de tinta directa a la tela para obtener el color m\u00e1s duradero de cualquier tipo de impresi\u00f3n de tela disponible. Estos productos de primera calidad est\u00e1n impresos en poli\u00e9ster ligero de 3 oz y se pueden ver f\u00e1cilmente desde la distancia. La punta de la varilla de fibra de vidrio de cada bandera se puede moldear para adaptarse a las banderas de plumas o de l\u00e1grima, y \u200b\u200bel poste universal se adapta tanto a aplicaciones interiores como exteriores. Los herrajes para banderas se fabrican con varillas de aluminio robustas que est\u00e1n recubiertas de polvo en negro para una mayor durabilidad. Bolsa de transporte de lona port\u00e1til incluida para que las banderas se puedan plegar, almacenar y montar con facilidad.<\/p>\n<ul>\n<li>Hecho para uso en interiores y exteriores.<\/li>\n<li>Elecci\u00f3n de accesorios de instalaci\u00f3n para interiores o exteriores.<\/li>\n<li>Bolsa de agua rellenable de 50 lb incluida con la base cruzada interior.<\/li>\n<li>Punta para exteriores de alta resistencia al viento y al clima.<\/li>\n<\/ul>\n<p>Usos sugeridos: eventos especiales, anuncios de tiendas, puertas abiertas, grandes inauguraciones, se\u00f1alizaci\u00f3n minorista, ferias comerciales.<\/p>\n","protected":false},"excerpt":{"rendered":"<p>Las banderas se imprimen utilizando equipos de sublimaci\u00f3n de tinta de calidad superior para obtener el color m\u00e1s duradero de cualquier tipo de impresi\u00f3n en tela disponible.<\/p>\n<ul>\n<li>Impresas con tejido de calidad superior<\/li>\n<li>Disponibles en varios tama\u00f1os<\/li>\n<li>Disponibles con accesorios para interior o exterior<\/li>\n<\/ul>\n","protected":false},"featured_media":24470,"template":"","meta":{"site-sidebar-layout":"default","site-content-layout":"default","ast-site-content-layout":"default","site-content-style":"default","site-sidebar-style":"default","ast-global-header-display":"","ast-banner-title-visibility":"","ast-main-header-display":"","ast-hfb-above-header-display":"","ast-hfb-below-header-display":"","ast-hfb-mobile-header-display":"","site-post-title":"","ast-breadcrumbs-content":"","ast-featured-img":"","footer-sml-layout":"","ast-disable-related-posts":"","theme-transparent-header-meta":"default","adv-header-id-meta":"","stick-header-meta":"default","header-above-stick-meta":"","header-main-stick-meta":"","header-below-stick-meta":"","astra-migrate-meta-layouts":"set","ast-page-background-enabled":"default","ast-page-background-meta":{"desktop":{"background-color":"","background-image":"","background-repeat":"repeat","background-position":"center center","background-size":"auto","background-attachment":"scroll","background-type":"","background-media":"","overlay-type":"","overlay-color":"","overlay-opacity":"","overlay-gradient":""},"tablet":{"background-color":"","background-image":"","background-repeat":"repeat","background-position":"center center","background-size":"auto","background-attachment":"scroll","background-type":"","background-media":"","overlay-type":"","overlay-color":"","overlay-opacity":"","overlay-gradient":""},"mobile":{"background-color":"","background-image":"","background-repeat":"repeat","background-position":"center center","background-size":"auto","background-attachment":"scroll","background-type":"","background-media":"","overlay-type":"","overlay-color":"","overlay-opacity":"","overlay-gradient":""}},"ast-content-background-meta":{"desktop":{"background-color":"var(--ast-global-color-5)","background-image":"","background-repeat":"repeat","background-position":"center center","background-size":"auto","background-attachment":"scroll","background-type":"","background-media":"","overlay-type":"","overlay-color":"","overlay-opacity":"","overlay-gradient":""},"tablet":{"background-color":"var(--ast-global-color-5)","background-image":"","background-repeat":"repeat","background-position":"center center","background-size":"auto","background-attachment":"scroll","background-type":"","background-media":"","overlay-type":"","overlay-color":"","overlay-opacity":"","overlay-gradient":""},"mobile":{"background-color":"var(--ast-global-color-5)","background-image":"","background-repeat":"repeat","background-position":"center center","background-size":"auto","background-attachment":"scroll","background-type":"","background-media":"","overlay-type":"","overlay-color":"","overlay-opacity":"","overlay-gradient":""}},"_joinchat":[]},"product_brand":[],"product_cat":[883,782],"product_tag":[],"class_list":{"0":"post-8465","1":"product","2":"type-product","3":"status-publish","4":"has-post-thumbnail","6":"product_cat-banderas","7":"product_cat-banderas-y-manteles","8":"product_shipping_class-envio-incluido","9":"tm-has-options","10":"desktop-align-center","11":"tablet-align-center","12":"mobile-align-center","13":"ast-product-gallery-layout-horizontal","14":"ast-product-tabs-layout-horizontal","16":"first","17":"instock","18":"taxable","19":"shipping-taxable","20":"purchasable","21":"product-type-simple"},"lang":"es","translations":{"es":8465,"en":1897},"pll_sync_post":[],"_links":{"self":[{"href":"https:\/\/www.compupcsigns.com\/site\/wp-json\/wp\/v2\/product\/8465","targetHints":{"allow":["GET"]}}],"collection":[{"href":"https:\/\/www.compupcsigns.com\/site\/wp-json\/wp\/v2\/product"}],"about":[{"href":"https:\/\/www.compupcsigns.com\/site\/wp-json\/wp\/v2\/types\/product"}],"version-history":[{"count":4,"href":"https:\/\/www.compupcsigns.com\/site\/wp-json\/wp\/v2\/product\/8465\/revisions"}],"predecessor-version":[{"id":24158,"href":"https:\/\/www.compupcsigns.com\/site\/wp-json\/wp\/v2\/product\/8465\/revisions\/24158"}],"wp:featuredmedia":[{"embeddable":true,"href":"https:\/\/www.compupcsigns.com\/site\/wp-json\/wp\/v2\/media\/24470"}],"wp:attachment":[{"href":"https:\/\/www.compupcsigns.com\/site\/wp-json\/wp\/v2\/media?parent=8465"}],"wp:term":[{"taxonomy":"product_brand","embeddable":true,"href":"https:\/\/www.compupcsigns.com\/site\/wp-json\/wp\/v2\/product_brand?post=8465"},{"taxonomy":"product_cat","embeddable":true,"href":"https:\/\/www.compupcsigns.com\/site\/wp-json\/wp\/v2\/product_cat?post=8465"},{"taxonomy":"product_tag","embeddable":true,"href":"https:\/\/www.compupcsigns.com\/site\/wp-json\/wp\/v2\/product_tag?post=8465"}],"curies":[{"name":"wp","href":"https:\/\/api.w.org\/{rel}","templated":true}]}}