{"id":8339,"date":"2021-03-10T20:16:45","date_gmt":"2021-03-10T20:16:45","guid":{"rendered":"https:\/\/www.compupcsigns.com\/site\/?post_type=product&#038;p=8339"},"modified":"2023-08-11T15:06:17","modified_gmt":"2023-08-11T15:06:17","slug":"tarjetas-de-presentacion-circulares","status":"publish","type":"product","link":"https:\/\/www.compupcsigns.com\/site\/es\/productos\/tarjetas-de-presentacion-circulares\/","title":{"rendered":"Tarjetas de Presentaci\u00f3n Circulares"},"content":{"rendered":"<h1>Tarjetas de presentaci\u00f3n circulares \u00fanicas para una mejor presentaci\u00f3n<\/h1>\n<p>Las tarjetas de presentaci\u00f3n han sido una herramienta esencial durante d\u00e9cadas para los propietarios de negocios.\u00a0\u00bfPor qu\u00e9?\u00a0La respuesta es que es una herramienta muy simple pero efectiva para intercambiar informaci\u00f3n de contacto, llegar directamente a sus clientes y promover su negocio.<\/p>\n<p>La mayor\u00eda de ellas son rectangulares, y con tantas por ah\u00ed, puede perderse f\u00e1cilmente en la confusi\u00f3n.\u00a0Agregue un toque imprimiendo tarjetas de presentaci\u00f3n circulares.\u00a0Con su forma \u00fanica acompa\u00f1ada de un buen dise\u00f1o, puede tener una vibrante primera impresi\u00f3n duradera en clientes potenciales y socios comerciales.<\/p>\n<p>Puede solicitar imprimir tarjetas de presentaci\u00f3n circulares con un di\u00e1metro de 2 pulgadas. Estas se pueden imprimir en 14 pt. con UV en una o dos caras.<\/p>\n<p>Encuentra m\u00e1s productos como este en la p\u00e1gina de\u00a0<a href=\"https:\/\/www.compupcsigns.com\/site\/es\/categoria-de-productos\/productos-de-marketing\/\"><span style=\"color: #0000ff;\">Productos de Marketing<\/span><\/a>.<\/p>\n","protected":false},"excerpt":{"rendered":"<p>Impresiona con un producto suave y sofisticado. Tama\u00f1o: 2 pulgadas. A partir de 250 Tarjetas.<\/p>\n","protected":false},"featured_media":9510,"template":"","meta":{"site-sidebar-layout":"default","site-content-layout":"default","ast-site-content-layout":"default","site-content-style":"default","site-sidebar-style":"default","ast-global-header-display":"","ast-banner-title-visibility":"","ast-main-header-display":"","ast-hfb-above-header-display":"","ast-hfb-below-header-display":"","ast-hfb-mobile-header-display":"","site-post-title":"","ast-breadcrumbs-content":"","ast-featured-img":"","footer-sml-layout":"","ast-disable-related-posts":"","theme-transparent-header-meta":"default","adv-header-id-meta":"","stick-header-meta":"default","header-above-stick-meta":"","header-main-stick-meta":"","header-below-stick-meta":"","astra-migrate-meta-layouts":"default","ast-page-background-enabled":"default","ast-page-background-meta":{"desktop":{"background-color":"","background-image":"","background-repeat":"repeat","background-position":"center center","background-size":"auto","background-attachment":"scroll","background-type":"","background-media":"","overlay-type":"","overlay-color":"","overlay-opacity":"","overlay-gradient":""},"tablet":{"background-color":"","background-image":"","background-repeat":"repeat","background-position":"center center","background-size":"auto","background-attachment":"scroll","background-type":"","background-media":"","overlay-type":"","overlay-color":"","overlay-opacity":"","overlay-gradient":""},"mobile":{"background-color":"","background-image":"","background-repeat":"repeat","background-position":"center center","background-size":"auto","background-attachment":"scroll","background-type":"","background-media":"","overlay-type":"","overlay-color":"","overlay-opacity":"","overlay-gradient":""}},"ast-content-background-meta":{"desktop":{"background-color":"var(--ast-global-color-5)","background-image":"","background-repeat":"repeat","background-position":"center center","background-size":"auto","background-attachment":"scroll","background-type":"","background-media":"","overlay-type":"","overlay-color":"","overlay-opacity":"","overlay-gradient":""},"tablet":{"background-color":"var(--ast-global-color-5)","background-image":"","background-repeat":"repeat","background-position":"center center","background-size":"auto","background-attachment":"scroll","background-type":"","background-media":"","overlay-type":"","overlay-color":"","overlay-opacity":"","overlay-gradient":""},"mobile":{"background-color":"var(--ast-global-color-5)","background-image":"","background-repeat":"repeat","background-position":"center center","background-size":"auto","background-attachment":"scroll","background-type":"","background-media":"","overlay-type":"","overlay-color":"","overlay-opacity":"","overlay-gradient":""}},"_joinchat":[]},"product_brand":[],"product_cat":[124,758],"product_tag":[],"class_list":{"0":"post-8339","1":"product","2":"type-product","3":"status-publish","4":"has-post-thumbnail","6":"product_cat-productos-de-marketing","7":"product_cat-tarjetas-de-presentacion","8":"product_shipping_class-envio-incluido","9":"tm-has-options","10":"desktop-align-center","11":"tablet-align-center","12":"mobile-align-center","13":"ast-product-gallery-layout-horizontal","14":"ast-product-gallery-with-no-image","15":"ast-product-tabs-layout-horizontal","17":"first","18":"instock","19":"sold-individually","20":"taxable","21":"shipping-taxable","22":"purchasable","23":"product-type-simple"},"lang":"es","translations":{"es":8339,"en":4010},"pll_sync_post":[],"_links":{"self":[{"href":"https:\/\/www.compupcsigns.com\/site\/wp-json\/wp\/v2\/product\/8339","targetHints":{"allow":["GET"]}}],"collection":[{"href":"https:\/\/www.compupcsigns.com\/site\/wp-json\/wp\/v2\/product"}],"about":[{"href":"https:\/\/www.compupcsigns.com\/site\/wp-json\/wp\/v2\/types\/product"}],"version-history":[{"count":5,"href":"https:\/\/www.compupcsigns.com\/site\/wp-json\/wp\/v2\/product\/8339\/revisions"}],"predecessor-version":[{"id":21185,"href":"https:\/\/www.compupcsigns.com\/site\/wp-json\/wp\/v2\/product\/8339\/revisions\/21185"}],"wp:featuredmedia":[{"embeddable":true,"href":"https:\/\/www.compupcsigns.com\/site\/wp-json\/wp\/v2\/media\/9510"}],"wp:attachment":[{"href":"https:\/\/www.compupcsigns.com\/site\/wp-json\/wp\/v2\/media?parent=8339"}],"wp:term":[{"taxonomy":"product_brand","embeddable":true,"href":"https:\/\/www.compupcsigns.com\/site\/wp-json\/wp\/v2\/product_brand?post=8339"},{"taxonomy":"product_cat","embeddable":true,"href":"https:\/\/www.compupcsigns.com\/site\/wp-json\/wp\/v2\/product_cat?post=8339"},{"taxonomy":"product_tag","embeddable":true,"href":"https:\/\/www.compupcsigns.com\/site\/wp-json\/wp\/v2\/product_tag?post=8339"}],"curies":[{"name":"wp","href":"https:\/\/api.w.org\/{rel}","templated":true}]}}