{"id":24753,"date":"2025-03-28T17:11:18","date_gmt":"2025-03-28T21:11:18","guid":{"rendered":"https:\/\/www.compupcsigns.com\/site\/?post_type=product&#038;p=24753"},"modified":"2025-11-03T17:22:30","modified_gmt":"2025-11-03T21:22:30","slug":"banner-expres","status":"publish","type":"product","link":"https:\/\/www.compupcsigns.com\/site\/es\/productos\/banner-expres\/","title":{"rendered":"Banner Expr\u00e9s"},"content":{"rendered":"\t\t<div data-elementor-type=\"wp-post\" data-elementor-id=\"24753\" class=\"elementor elementor-24753\">\n\t\t\t\t<div class=\"elementor-element elementor-element-6d81b5f6 e-flex e-con-boxed e-con e-parent\" data-id=\"6d81b5f6\" data-element_type=\"container\" data-e-type=\"container\">\n\t\t\t\t\t<div class=\"e-con-inner\">\n\t\t\t\t<div class=\"elementor-element elementor-element-75f5bb61 elementor-widget elementor-widget-text-editor\" data-id=\"75f5bb61\" data-element_type=\"widget\" data-e-type=\"widget\" data-widget_type=\"text-editor.default\">\n\t\t\t\t<div class=\"elementor-widget-container\">\n\t\t\t\t\t\t\t\t\tNuestros Banners impresos personalizados est\u00e1n hechos de 9 o 13 oz, material 100% poli\u00e9ster. Est\u00e1n fabricados con un tejido insertado en la trama o una malla interna para mayor resistencia y durabilidad, lo que permite su uso tanto en interiores como en exteriores en todo tipo de clima.\t\t\t\t\t\t\t\t<\/div>\n\t\t\t\t<\/div>\n\t\t<div class=\"elementor-element elementor-element-5a6dd6c e-con-full e-flex e-con e-child\" data-id=\"5a6dd6c\" data-element_type=\"container\" data-e-type=\"container\" id=\"infoexpres\">\n\t\t\t\t<div class=\"elementor-element elementor-element-cc402cc elementor-widget elementor-widget-heading\" data-id=\"cc402cc\" data-element_type=\"widget\" data-e-type=\"widget\" data-widget_type=\"heading.default\">\n\t\t\t\t<div class=\"elementor-widget-container\">\n\t\t\t\t\t<h2 class=\"elementor-heading-title elementor-size-default\">Servicio de Impresi\u00f3n Expr\u00e9s\n\n<\/h2>\t\t\t\t<\/div>\n\t\t\t\t<\/div>\n\t\t\t\t<div class=\"elementor-element elementor-element-a89c007 elementor-widget elementor-widget-text-editor\" data-id=\"a89c007\" data-element_type=\"widget\" data-e-type=\"widget\" data-widget_type=\"text-editor.default\">\n\t\t\t\t<div class=\"elementor-widget-container\">\n\t\t\t\t\t\t\t\t\t<div class=\"flex max-w-full flex-col flex-grow\">\n<div class=\"min-h-8 text-message relative flex w-full flex-col items-end gap-2 whitespace-normal break-words text-start [.text-message+&amp;]:mt-5\" dir=\"auto\" data-message-author-role=\"assistant\" data-message-id=\"0f5218ae-4839-478c-9fae-a45bdf145960\" data-message-model-slug=\"o3-mini\">\n<div class=\"flex w-full flex-col gap-1 empty:hidden first:pt-[3px]\">\n<div class=\"markdown prose w-full break-words dark:prose-invert dark\">\n<p data-start=\"34\" data-end=\"481\" data-is-only-node=\"\">Descubre nuestro innovador servicio de impresi\u00f3n expr\u00e9s, pensado para quienes requieren resultados de alta calidad en el mismo d\u00eda. Con tecnolog\u00eda avanzada y atenci\u00f3n personalizada, garantizamos que tus dise\u00f1os se impriman y est\u00e9n listos para su retiro en nuestro local en tiempo r\u00e9cord. Este servicio exclusivo est\u00e1 orientado a ofrecer eficiencia y excelencia en cada pedido, asegurando que obtengas el mejor producto sin comprometer la calidad.<\/p><\/div><\/div><\/div><\/div>\t\t\t\t\t\t\t\t<\/div>\n\t\t\t\t<\/div>\n\t\t\t\t<div class=\"elementor-element elementor-element-332a44a elementor-widget elementor-widget-heading\" data-id=\"332a44a\" data-element_type=\"widget\" data-e-type=\"widget\" data-widget_type=\"heading.default\">\n\t\t\t\t<div class=\"elementor-widget-container\">\n\t\t\t\t\t<h2 class=\"elementor-heading-title elementor-size-default\">Condiciones del Servicio Expr\u00e9s<\/h2>\t\t\t\t<\/div>\n\t\t\t\t<\/div>\n\t\t\t\t<div class=\"elementor-element elementor-element-787f6bc elementor-widget elementor-widget-text-editor\" data-id=\"787f6bc\" data-element_type=\"widget\" data-e-type=\"widget\" data-widget_type=\"text-editor.default\">\n\t\t\t\t<div class=\"elementor-widget-container\">\n\t\t\t\t\t\t\t\t\t<div class=\"flex max-w-full flex-col flex-grow\"><div class=\"min-h-8 text-message relative flex w-full flex-col items-end gap-2 whitespace-normal break-words text-start [.text-message+&amp;]:mt-5\" dir=\"auto\" data-message-author-role=\"assistant\" data-message-id=\"0f5218ae-4839-478c-9fae-a45bdf145960\" data-message-model-slug=\"o3-mini\"><div class=\"flex w-full flex-col gap-1 empty:hidden first:pt-[3px]\"><div class=\"markdown prose w-full break-words dark:prose-invert dark\"><ul><li data-start=\"768\" data-end=\"977\"><p data-start=\"771\" data-end=\"977\"><strong data-start=\"771\" data-end=\"803\">Dise\u00f1o Listo para Impresi\u00f3n:<\/strong><br data-start=\"803\" data-end=\"806\" \/>Debes cargar el dise\u00f1o final, cumpliendo con las medidas especificadas y con una resoluci\u00f3n m\u00ednima de 150 dpi para garantizar una \u00f3ptima calidad de impresi\u00f3n.<\/p><\/li><li data-start=\"979\" data-end=\"1126\"><p data-start=\"982\" data-end=\"1126\"><strong data-start=\"982\" data-end=\"1034\">Servicio Expr\u00e9s Exclusivo para Retiro en Tienda:<\/strong><br data-start=\"1034\" data-end=\"1037\" \/>Este servicio est\u00e1 disponible \u00fanicamente para pedidos que se recojan en nuestro local.<br \/><a href=\"https:\/\/maps.app.goo.gl\/Uzu9Dn6ka9vLgMEe9\" target=\"_blank\" rel=\"noopener\">Ver Direcci\u00f3n<\/a><\/p><\/li><li data-start=\"1128\" data-end=\"1328\"><p data-start=\"1131\" data-end=\"1328\"><strong data-start=\"1131\" data-end=\"1154\">Horarios de Pedido:<\/strong><br data-start=\"1154\" data-end=\"1157\" \/>Los pedidos realizados antes de la 1:00 pm se procesar\u00e1n y saldr\u00e1n el mismo d\u00eda; los pedidos efectuados despu\u00e9s de esta hora se programar\u00e1n para el siguiente d\u00eda h\u00e1bil.<\/p><\/li><li data-start=\"1330\" data-end=\"1523\"><p data-start=\"1333\" data-end=\"1523\"><strong data-start=\"1333\" data-end=\"1362\">Hora de Retiro en Tienda:<\/strong><br data-start=\"1362\" data-end=\"1365\" \/>Es indispensable que el cliente se presente en la tienda a las 5:40 pm para retirar su pedido, ya que despu\u00e9s de ese horario el local podr\u00eda estar cerrado.<\/p><\/li><\/ul><\/div><\/div><\/div><\/div>\t\t\t\t\t\t\t\t<\/div>\n\t\t\t\t<\/div>\n\t\t\t\t<div class=\"elementor-element elementor-element-4963280 elementor-mobile-align-center elementor-widget elementor-widget-button\" data-id=\"4963280\" data-element_type=\"widget\" data-e-type=\"widget\" data-widget_type=\"button.default\">\n\t\t\t\t<div class=\"elementor-widget-container\">\n\t\t\t\t\t\t\t\t\t<div class=\"elementor-button-wrapper\">\n\t\t\t\t\t<a class=\"elementor-button elementor-button-link elementor-size-sm\" href=\"#\">\n\t\t\t\t\t\t<span class=\"elementor-button-content-wrapper\">\n\t\t\t\t\t\t\t\t\t<span class=\"elementor-button-text\">Continuar con La Orden<\/span>\n\t\t\t\t\t<\/span>\n\t\t\t\t\t<\/a>\n\t\t\t\t<\/div>\n\t\t\t\t\t\t\t\t<\/div>\n\t\t\t\t<\/div>\n\t\t\t\t<\/div>\n\t\t\t\t\t<\/div>\n\t\t\t\t<\/div>\n\t\t\t\t<\/div>\n\t\t","protected":false},"excerpt":{"rendered":"<p>Una promoci\u00f3n visual eficaz para su empresa o proyecto. Precio por ft\u00b2:<\/p>\n","protected":false},"featured_media":24843,"template":"","meta":{"site-sidebar-layout":"default","site-content-layout":"default","ast-site-content-layout":"default","site-content-style":"default","site-sidebar-style":"default","ast-global-header-display":"","ast-banner-title-visibility":"","ast-main-header-display":"","ast-hfb-above-header-display":"","ast-hfb-below-header-display":"","ast-hfb-mobile-header-display":"","site-post-title":"","ast-breadcrumbs-content":"","ast-featured-img":"","footer-sml-layout":"","ast-disable-related-posts":"","theme-transparent-header-meta":"default","adv-header-id-meta":"","stick-header-meta":"default","header-above-stick-meta":"","header-main-stick-meta":"","header-below-stick-meta":"","astra-migrate-meta-layouts":"set","ast-page-background-enabled":"default","ast-page-background-meta":{"desktop":{"background-color":"","background-image":"","background-repeat":"repeat","background-position":"center center","background-size":"auto","background-attachment":"scroll","background-type":"","background-media":"","overlay-type":"","overlay-color":"","overlay-opacity":"","overlay-gradient":""},"tablet":{"background-color":"","background-image":"","background-repeat":"repeat","background-position":"center center","background-size":"auto","background-attachment":"scroll","background-type":"","background-media":"","overlay-type":"","overlay-color":"","overlay-opacity":"","overlay-gradient":""},"mobile":{"background-color":"","background-image":"","background-repeat":"repeat","background-position":"center center","background-size":"auto","background-attachment":"scroll","background-type":"","background-media":"","overlay-type":"","overlay-color":"","overlay-opacity":"","overlay-gradient":""}},"ast-content-background-meta":{"desktop":{"background-color":"var(--ast-global-color-5)","background-image":"","background-repeat":"repeat","background-position":"center center","background-size":"auto","background-attachment":"scroll","background-type":"","background-media":"","overlay-type":"","overlay-color":"","overlay-opacity":"","overlay-gradient":""},"tablet":{"background-color":"var(--ast-global-color-5)","background-image":"","background-repeat":"repeat","background-position":"center center","background-size":"auto","background-attachment":"scroll","background-type":"","background-media":"","overlay-type":"","overlay-color":"","overlay-opacity":"","overlay-gradient":""},"mobile":{"background-color":"var(--ast-global-color-5)","background-image":"","background-repeat":"repeat","background-position":"center center","background-size":"auto","background-attachment":"scroll","background-type":"","background-media":"","overlay-type":"","overlay-color":"","overlay-opacity":"","overlay-gradient":""}},"_joinchat":[]},"product_brand":[],"product_cat":[16746],"product_tag":[],"class_list":{"0":"post-24753","1":"product","2":"type-product","3":"status-publish","4":"has-post-thumbnail","6":"product_cat-productos-expres","7":"product_shipping_class-rpick","8":"tm-has-options","9":"desktop-align-center","10":"tablet-align-center","11":"mobile-align-center","12":"ast-product-gallery-layout-horizontal","13":"ast-product-tabs-layout-horizontal","15":"first","16":"instock","17":"sold-individually","18":"taxable","19":"shipping-taxable","20":"purchasable","21":"product-type-simple"},"lang":"es","translations":{"es":24753,"en":24754},"pll_sync_post":[],"_links":{"self":[{"href":"https:\/\/www.compupcsigns.com\/site\/wp-json\/wp\/v2\/product\/24753","targetHints":{"allow":["GET"]}}],"collection":[{"href":"https:\/\/www.compupcsigns.com\/site\/wp-json\/wp\/v2\/product"}],"about":[{"href":"https:\/\/www.compupcsigns.com\/site\/wp-json\/wp\/v2\/types\/product"}],"version-history":[{"count":6,"href":"https:\/\/www.compupcsigns.com\/site\/wp-json\/wp\/v2\/product\/24753\/revisions"}],"predecessor-version":[{"id":24880,"href":"https:\/\/www.compupcsigns.com\/site\/wp-json\/wp\/v2\/product\/24753\/revisions\/24880"}],"wp:featuredmedia":[{"embeddable":true,"href":"https:\/\/www.compupcsigns.com\/site\/wp-json\/wp\/v2\/media\/24843"}],"wp:attachment":[{"href":"https:\/\/www.compupcsigns.com\/site\/wp-json\/wp\/v2\/media?parent=24753"}],"wp:term":[{"taxonomy":"product_brand","embeddable":true,"href":"https:\/\/www.compupcsigns.com\/site\/wp-json\/wp\/v2\/product_brand?post=24753"},{"taxonomy":"product_cat","embeddable":true,"href":"https:\/\/www.compupcsigns.com\/site\/wp-json\/wp\/v2\/product_cat?post=24753"},{"taxonomy":"product_tag","embeddable":true,"href":"https:\/\/www.compupcsigns.com\/site\/wp-json\/wp\/v2\/product_tag?post=24753"}],"curies":[{"name":"wp","href":"https:\/\/api.w.org\/{rel}","templated":true}]}}