{"id":19861,"date":"2023-02-21T23:13:20","date_gmt":"2023-02-21T23:13:20","guid":{"rendered":"https:\/\/www.compupcsigns.com\/site\/?post_type=product&#038;p=19861"},"modified":"2023-11-09T20:21:17","modified_gmt":"2023-11-09T20:21:17","slug":"logos","status":"publish","type":"product","link":"https:\/\/www.compupcsigns.com\/site\/es\/productos\/logos\/","title":{"rendered":"Logos"},"content":{"rendered":"<p><span style=\"vertical-align: inherit;\"><span style=\"vertical-align: inherit;\"><span style=\"vertical-align: inherit;\"><span style=\"vertical-align: inherit;\"><span style=\"vertical-align: inherit;\">Un logotipo es un s\u00edmbolo compuesto por elementos gr\u00e1ficos, texto e imagen que sirve como la identificaci\u00f3n visual de una empresa. <\/span><\/span><\/span><span style=\"vertical-align: inherit;\"><span style=\"vertical-align: inherit;\"><span style=\"vertical-align: inherit;\">Es decir, representa la identidad y los valores de cada organizaci\u00f3n por medio de colores, formas y textos.<\/span><\/span><\/span><\/span><\/span><\/p>\n<h2><span style=\"vertical-align: inherit;\"><span style=\"vertical-align: inherit;\"><span style=\"vertical-align: inherit;\"><span style=\"vertical-align: inherit;\">\u00bfPara qu\u00e9 sirve un logotipo?<\/span><\/span><\/span><\/span><\/h2>\n<p><span style=\"vertical-align: inherit;\"><span style=\"vertical-align: inherit;\"><span style=\"vertical-align: inherit;\"><span style=\"vertical-align: inherit;\">El logotipo se utiliza para identificar y promover la marca en el mercado. <\/span><\/span><\/span><span style=\"vertical-align: inherit;\"><span style=\"vertical-align: inherit;\"><span style=\"vertical-align: inherit;\">Aparece en tarjetas de presentaci\u00f3n, p\u00e1gina web, redes sociales, aplicaciones m\u00f3viles, empaques, gafetes del personal, papeler\u00eda, etc. Debe representar qui\u00e9n es la marca (o qui\u00e9n la representa), qu\u00e9 hace y ofrece, las cualidades que la caracterizan. <\/span><\/span><\/span><span style=\"vertical-align: inherit;\"><span style=\"vertical-align: inherit;\"><span style=\"vertical-align: inherit;\">\u00a1Todo en una sola imagen!<\/span><\/span><\/span><\/span><\/p>\n","protected":false},"excerpt":{"rendered":"<p>Identifica y promueve la marca de tu negocio con un Logo.<\/p>\n","protected":false},"featured_media":19873,"template":"","meta":{"site-sidebar-layout":"default","site-content-layout":"default","ast-site-content-layout":"default","site-content-style":"default","site-sidebar-style":"default","ast-global-header-display":"","ast-banner-title-visibility":"","ast-main-header-display":"","ast-hfb-above-header-display":"","ast-hfb-below-header-display":"","ast-hfb-mobile-header-display":"","site-post-title":"","ast-breadcrumbs-content":"","ast-featured-img":"","footer-sml-layout":"","ast-disable-related-posts":"","theme-transparent-header-meta":"default","adv-header-id-meta":"","stick-header-meta":"default","header-above-stick-meta":"","header-main-stick-meta":"","header-below-stick-meta":"","astra-migrate-meta-layouts":"set","ast-page-background-enabled":"default","ast-page-background-meta":{"desktop":{"background-color":"","background-image":"","background-repeat":"repeat","background-position":"center center","background-size":"auto","background-attachment":"scroll","background-type":"","background-media":"","overlay-type":"","overlay-color":"","overlay-opacity":"","overlay-gradient":""},"tablet":{"background-color":"","background-image":"","background-repeat":"repeat","background-position":"center center","background-size":"auto","background-attachment":"scroll","background-type":"","background-media":"","overlay-type":"","overlay-color":"","overlay-opacity":"","overlay-gradient":""},"mobile":{"background-color":"","background-image":"","background-repeat":"repeat","background-position":"center center","background-size":"auto","background-attachment":"scroll","background-type":"","background-media":"","overlay-type":"","overlay-color":"","overlay-opacity":"","overlay-gradient":""}},"ast-content-background-meta":{"desktop":{"background-color":"var(--ast-global-color-5)","background-image":"","background-repeat":"repeat","background-position":"center center","background-size":"auto","background-attachment":"scroll","background-type":"","background-media":"","overlay-type":"","overlay-color":"","overlay-opacity":"","overlay-gradient":""},"tablet":{"background-color":"var(--ast-global-color-5)","background-image":"","background-repeat":"repeat","background-position":"center center","background-size":"auto","background-attachment":"scroll","background-type":"","background-media":"","overlay-type":"","overlay-color":"","overlay-opacity":"","overlay-gradient":""},"mobile":{"background-color":"var(--ast-global-color-5)","background-image":"","background-repeat":"repeat","background-position":"center center","background-size":"auto","background-attachment":"scroll","background-type":"","background-media":"","overlay-type":"","overlay-color":"","overlay-opacity":"","overlay-gradient":""}},"_joinchat":[]},"product_brand":[],"product_cat":[16504],"product_tag":[],"class_list":{"0":"post-19861","1":"product","2":"type-product","3":"status-publish","4":"has-post-thumbnail","6":"product_cat-servicios-digitales","7":"tm-has-options","8":"desktop-align-center","9":"tablet-align-center","10":"mobile-align-center","11":"ast-product-gallery-layout-horizontal","12":"ast-product-tabs-layout-horizontal","14":"first","15":"instock","16":"virtual","17":"purchasable","18":"product-type-simple"},"lang":"es","translations":{"es":19861,"en":19918},"pll_sync_post":[],"_links":{"self":[{"href":"https:\/\/www.compupcsigns.com\/site\/wp-json\/wp\/v2\/product\/19861","targetHints":{"allow":["GET"]}}],"collection":[{"href":"https:\/\/www.compupcsigns.com\/site\/wp-json\/wp\/v2\/product"}],"about":[{"href":"https:\/\/www.compupcsigns.com\/site\/wp-json\/wp\/v2\/types\/product"}],"version-history":[{"count":14,"href":"https:\/\/www.compupcsigns.com\/site\/wp-json\/wp\/v2\/product\/19861\/revisions"}],"predecessor-version":[{"id":20014,"href":"https:\/\/www.compupcsigns.com\/site\/wp-json\/wp\/v2\/product\/19861\/revisions\/20014"}],"wp:featuredmedia":[{"embeddable":true,"href":"https:\/\/www.compupcsigns.com\/site\/wp-json\/wp\/v2\/media\/19873"}],"wp:attachment":[{"href":"https:\/\/www.compupcsigns.com\/site\/wp-json\/wp\/v2\/media?parent=19861"}],"wp:term":[{"taxonomy":"product_brand","embeddable":true,"href":"https:\/\/www.compupcsigns.com\/site\/wp-json\/wp\/v2\/product_brand?post=19861"},{"taxonomy":"product_cat","embeddable":true,"href":"https:\/\/www.compupcsigns.com\/site\/wp-json\/wp\/v2\/product_cat?post=19861"},{"taxonomy":"product_tag","embeddable":true,"href":"https:\/\/www.compupcsigns.com\/site\/wp-json\/wp\/v2\/product_tag?post=19861"}],"curies":[{"name":"wp","href":"https:\/\/api.w.org\/{rel}","templated":true}]}}