{"id":9042,"date":"2021-03-04T20:32:34","date_gmt":"2021-03-04T20:32:34","guid":{"rendered":"https:\/\/www.compupcsigns.com\/site\/?page_id=9042"},"modified":"2021-03-10T20:05:42","modified_gmt":"2021-03-10T20:05:42","slug":"politica-de-devoluciones","status":"publish","type":"page","link":"https:\/\/www.compupcsigns.com\/site\/es\/politica-de-devoluciones\/","title":{"rendered":"Pol\u00edtica de Devoluciones"},"content":{"rendered":"\t\t<div data-elementor-type=\"wp-page\" data-elementor-id=\"9042\" class=\"elementor elementor-9042\">\n\t\t\t\t\t\t<section class=\"elementor-section elementor-top-section elementor-element elementor-element-cbc5d16 elementor-section-boxed elementor-section-height-default elementor-section-height-default\" data-id=\"cbc5d16\" data-element_type=\"section\" data-e-type=\"section\">\n\t\t\t\t\t\t<div class=\"elementor-container elementor-column-gap-default\">\n\t\t\t\t\t<div class=\"elementor-column elementor-col-100 elementor-top-column elementor-element elementor-element-bc4ff83\" data-id=\"bc4ff83\" data-element_type=\"column\" data-e-type=\"column\">\n\t\t\t<div class=\"elementor-widget-wrap elementor-element-populated\">\n\t\t\t\t\t\t<div class=\"elementor-element elementor-element-40300c6 elementor-widget elementor-widget-heading\" data-id=\"40300c6\" data-element_type=\"widget\" data-e-type=\"widget\" data-widget_type=\"heading.default\">\n\t\t\t\t<div class=\"elementor-widget-container\">\n\t\t\t\t\t<h1 class=\"elementor-heading-title elementor-size-xl\">Pol\u00edtica de Devoluciones<\/h1>\t\t\t\t<\/div>\n\t\t\t\t<\/div>\n\t\t\t\t\t<\/div>\n\t\t<\/div>\n\t\t\t\t\t<\/div>\n\t\t<\/section>\n\t\t\t\t<section class=\"elementor-section elementor-top-section elementor-element elementor-element-32c0de4 elementor-section-boxed elementor-section-height-default elementor-section-height-default\" data-id=\"32c0de4\" data-element_type=\"section\" data-e-type=\"section\">\n\t\t\t\t\t\t<div class=\"elementor-container elementor-column-gap-default\">\n\t\t\t\t\t<div class=\"elementor-column elementor-col-100 elementor-top-column elementor-element elementor-element-155aece\" data-id=\"155aece\" data-element_type=\"column\" data-e-type=\"column\">\n\t\t\t<div class=\"elementor-widget-wrap elementor-element-populated\">\n\t\t\t\t\t\t<div class=\"elementor-element elementor-element-f9febdb elementor-widget elementor-widget-text-editor\" data-id=\"f9febdb\" data-element_type=\"widget\" data-e-type=\"widget\" data-widget_type=\"text-editor.default\">\n\t\t\t\t<div class=\"elementor-widget-container\">\n\t\t\t\t\t\t\t\t\t<p>En CompuPc Signs LLC hacemos todo lo que est\u00e1 a nuestro alcance para asegurar la satisfacci\u00f3n de nuestros clientes al momento de procesar su pedido.\u00a0Nos comprometemos a ofrecer una grata experiencia a nuestros usuarios y una atenci\u00f3n dedicada a cumplir con sus expectativas. Por tal motivo hemos creado una pol\u00edtica de devoluciones para asegurar nuestro compromiso con nuestros clientes.<\/p><p><strong><u>Dise\u00f1o e impresi\u00f3n de productos<\/u><\/strong><\/p><p>En el momento que se procesa un pedido enviamos muestras digitales a nuestros clientes en la cual debe verificar la informaci\u00f3n e im\u00e1genes y solicitar los cambios que desee.<\/p><p>Cuando un cliente aprueba una muestra se comienza inmediatamente con la producci\u00f3n de su pedido.<\/p><p>Nuestros clientes cuentan con un periodo de 10 d\u00edas luego de la entrega del pedido para solicitar su reembolso correspondiente.<\/p><p>CompuPC Signs LLC se compromete con sus clientes a volver a reproducir de forma parcial o completa y de enviar su pedido en los siguientes casos:<\/p><ul><li>Si existen errores de corte o impresi\u00f3n.<\/li><li>Si existen errores en las medidas tomadas por parte de la empresa.<\/li><li>Mala calidad en las im\u00e1genes ofrecidas por parte de la empresa.<\/li><\/ul><p>Al momento de aplicar un reembolso, el cliente debe hacer entrega del producto fallido a nuestro equipo y luego se proceder\u00e1 al reemplazo del mismo.<\/p><p>En CompuPC Signs LLC hacemos nuestro mejor esfuerzo para verificar y corregir informaci\u00f3n err\u00f3nea de cada pedido en proceso, pero no somos responsables por errores ortogr\u00e1ficos, gramaticales, tel\u00e9fonos, direcciones, im\u00e1genes, videos y dem\u00e1s informaci\u00f3n proporcionada por nuestros clientes.<\/p><p>Proveemos dentro de nuestro servicio la edici\u00f3n de im\u00e1genes para los productos de nuestros clientes y aseguramos la calidad de las mismas. Por otra parte, si un cliente provee im\u00e1genes, recomendamos que las mismas vayan acorde a la resoluci\u00f3n de su pedido, ya que no nos hacemos responsables de la calidad de estas al ser impresas.<\/p><p><strong><u>Consideraciones:<\/u><\/strong><\/p><p>Hacemos todo lo posible para que las muestras que enviamos a nuestros clientes sean una representaci\u00f3n del resultado final de su pedido, pero debido a que en ese momento el trabajo es netamente digital, no aseguramos que los colores impresos sean exactamente iguales, al menos que el cliente nos proporcione el c\u00f3digo de los colores a utilizar en su pedido.<\/p><p>No somos fabricantes de prendas de vestir, estas se obtienen a trav\u00e9s de diferentes proveedores, por lo cual no aseguramos que las tallas solicitadas por el cliente queden a su medida.<\/p><p>Si las muestras enviadas a nuestros clientes no cubren sus expectativas, procedemos a reintegrar su dinero.<\/p><p>Si nuestro cliente acepta las muestras enviadas y luego desea cambiar por otras diferentes, debe cancelar el tiempo y trabajo de dise\u00f1o\u00a0 gr\u00e1fico.<\/p><p>\u00a0El trabajo realizado con prendas de vestir y accesorios se hace forma manual, por lo cual el en algunos casos el posicionamiento del dise\u00f1o en las mismas puede variar un poco.<\/p><p>Si deseas comunicarte con nosotros o solicitar un reembolso de su pedido, puedes hacerlo a trav\u00e9s de los siguientes medios.<\/p><p><strong>Tel\u00e9fono: (407) 821-8628<\/strong><\/p>\t\t\t\t\t\t\t\t<\/div>\n\t\t\t\t<\/div>\n\t\t\t\t\t<\/div>\n\t\t<\/div>\n\t\t\t\t\t<\/div>\n\t\t<\/section>\n\t\t\t\t<section class=\"elementor-section elementor-top-section elementor-element elementor-element-5ad15d9 elementor-section-boxed elementor-section-height-default elementor-section-height-default\" data-id=\"5ad15d9\" data-element_type=\"section\" data-e-type=\"section\">\n\t\t\t\t\t\t<div class=\"elementor-container elementor-column-gap-default\">\n\t\t\t\t\t<div class=\"elementor-column elementor-col-100 elementor-top-column elementor-element elementor-element-8543f6e\" data-id=\"8543f6e\" data-element_type=\"column\" data-e-type=\"column\">\n\t\t\t<div class=\"elementor-widget-wrap elementor-element-populated\">\n\t\t\t\t\t\t<div class=\"elementor-element elementor-element-1e659f8 elementor-widget elementor-widget-heading\" data-id=\"1e659f8\" data-element_type=\"widget\" data-e-type=\"widget\" data-widget_type=\"heading.default\">\n\t\t\t\t<div class=\"elementor-widget-container\">\n\t\t\t\t\t<h1 class=\"elementor-heading-title elementor-size-xl\">Cont\u00e1ctanos<\/h1>\t\t\t\t<\/div>\n\t\t\t\t<\/div>\n\t\t\t\t\t<\/div>\n\t\t<\/div>\n\t\t\t\t\t<\/div>\n\t\t<\/section>\n\t\t\t\t<section class=\"elementor-section elementor-top-section elementor-element elementor-element-4379c95 elementor-section-boxed elementor-section-height-default elementor-section-height-default\" data-id=\"4379c95\" data-element_type=\"section\" data-e-type=\"section\">\n\t\t\t\t\t\t<div class=\"elementor-container elementor-column-gap-default\">\n\t\t\t\t\t<div class=\"elementor-column elementor-col-25 elementor-top-column elementor-element elementor-element-9c2d815\" data-id=\"9c2d815\" data-element_type=\"column\" data-e-type=\"column\">\n\t\t\t<div class=\"elementor-widget-wrap\">\n\t\t\t\t\t\t\t<\/div>\n\t\t<\/div>\n\t\t\t\t<div class=\"elementor-column elementor-col-50 elementor-top-column elementor-element elementor-element-a032caf\" data-id=\"a032caf\" data-element_type=\"column\" data-e-type=\"column\">\n\t\t\t<div class=\"elementor-widget-wrap elementor-element-populated\">\n\t\t\t\t\t\t<section class=\"elementor-section elementor-inner-section elementor-element elementor-element-9defd74 elementor-section-boxed elementor-section-height-default elementor-section-height-default\" data-id=\"9defd74\" data-element_type=\"section\" data-e-type=\"section\" data-settings=\"{&quot;background_background&quot;:&quot;classic&quot;}\">\n\t\t\t\t\t\t<div class=\"elementor-container elementor-column-gap-default\">\n\t\t\t\t\t<div class=\"elementor-column elementor-col-100 elementor-inner-column elementor-element elementor-element-b632cb1\" data-id=\"b632cb1\" data-element_type=\"column\" data-e-type=\"column\">\n\t\t\t<div class=\"elementor-widget-wrap elementor-element-populated\">\n\t\t\t\t\t\t<div class=\"elementor-element elementor-element-71373db elementor-widget elementor-widget-wpforms\" data-id=\"71373db\" data-element_type=\"widget\" data-e-type=\"widget\" data-widget_type=\"wpforms.default\">\n\t\t\t\t<div class=\"elementor-widget-container\">\n\t\t\t\t\t<div class=\"wpforms-container wpforms-container-full\" id=\"wpforms-8159\"><form id=\"wpforms-form-8159\" class=\"wpforms-validate wpforms-form\" data-formid=\"8159\" method=\"post\" enctype=\"multipart\/form-data\" action=\"\/site\/wp-json\/wp\/v2\/pages\/9042\" data-token=\"7d9928521f04d3174027a9b719318a26\"><noscript class=\"wpforms-error-noscript\">Please enable JavaScript in your browser to complete this form.<\/noscript><div class=\"wpforms-field-container\"><div id=\"wpforms-8159-field_0-container\" class=\"wpforms-field wpforms-field-name\" data-field-id=\"0\"><label class=\"wpforms-field-label\" for=\"wpforms-8159-field_0\">Nombre <span class=\"wpforms-required-label\">*<\/span><\/label><input type=\"text\" id=\"wpforms-8159-field_0\" class=\"wpforms-field-medium wpforms-field-required\" name=\"wpforms[fields][0]\" required><\/div><div id=\"wpforms-8159-field_1-container\" class=\"wpforms-field wpforms-field-email\" data-field-id=\"1\"><label class=\"wpforms-field-label\" for=\"wpforms-8159-field_1\">Correo Electr\u00f3nico <span class=\"wpforms-required-label\">*<\/span><\/label><input type=\"email\" id=\"wpforms-8159-field_1\" class=\"wpforms-field-medium wpforms-field-required\" name=\"wpforms[fields][1]\" required><\/div><div id=\"wpforms-8159-field_2-container\" class=\"wpforms-field wpforms-field-textarea\" data-field-id=\"2\"><label class=\"wpforms-field-label\" for=\"wpforms-8159-field_2\">Comentario o Mensaje <span class=\"wpforms-required-label\">*<\/span><\/label><textarea id=\"wpforms-8159-field_2\" class=\"wpforms-field-medium wpforms-field-required\" name=\"wpforms[fields][2]\" required><\/textarea><\/div><\/div><div class=\"wpforms-recaptcha-container wpforms-is-recaptcha\"><div class=\"g-recaptcha\" data-sitekey=\"6LeubfoZAAAAABJ2QviFszBNz0uBl_JRjVRF8pSc\"><\/div><input type=\"text\" name=\"g-recaptcha-hidden\" class=\"wpforms-recaptcha-hidden\" style=\"position:absolute!important;clip:rect(0,0,0,0)!important;height:1px!important;width:1px!important;border:0!important;overflow:hidden!important;padding:0!important;margin:0!important;\" required><\/div><div class=\"wpforms-submit-container\"><input type=\"hidden\" name=\"wpforms[id]\" value=\"8159\"><input type=\"hidden\" name=\"wpforms[author]\" value=\"1\"><button type=\"submit\" name=\"wpforms[submit]\" id=\"wpforms-submit-8159\" class=\"wpforms-submit\" data-alt-text=\"Enviando...\" data-submit-text=\"Enviar\" aria-live=\"assertive\" value=\"wpforms-submit\">Enviar<\/button><\/div><\/form><\/div>  <!-- .wpforms-container -->\t\t\t\t<\/div>\n\t\t\t\t<\/div>\n\t\t\t\t\t<\/div>\n\t\t<\/div>\n\t\t\t\t\t<\/div>\n\t\t<\/section>\n\t\t\t\t\t<\/div>\n\t\t<\/div>\n\t\t\t\t<div class=\"elementor-column elementor-col-25 elementor-top-column elementor-element elementor-element-3eed06d\" data-id=\"3eed06d\" data-element_type=\"column\" data-e-type=\"column\">\n\t\t\t<div class=\"elementor-widget-wrap\">\n\t\t\t\t\t\t\t<\/div>\n\t\t<\/div>\n\t\t\t\t\t<\/div>\n\t\t<\/section>\n\t\t\t\t<\/div>\n\t\t","protected":false},"excerpt":{"rendered":"<p>Pol\u00edtica de Devoluciones En CompuPc Signs LLC hacemos todo lo que est\u00e1 a nuestro alcance para asegurar la satisfacci\u00f3n de nuestros clientes al momento de procesar su pedido.\u00a0Nos comprometemos a ofrecer una grata experiencia a nuestros usuarios y una atenci\u00f3n dedicada a cumplir con sus expectativas. Por tal motivo hemos creado una pol\u00edtica de devoluciones [&hellip;]<\/p>\n","protected":false},"author":1,"featured_media":0,"parent":0,"menu_order":0,"comment_status":"closed","ping_status":"closed","template":"","meta":{"site-sidebar-layout":"no-sidebar","site-content-layout":"page-builder","ast-site-content-layout":"default","site-content-style":"default","site-sidebar-style":"default","ast-global-header-display":"","ast-banner-title-visibility":"","ast-main-header-display":"","ast-hfb-above-header-display":"","ast-hfb-below-header-display":"","ast-hfb-mobile-header-display":"","site-post-title":"disabled","ast-breadcrumbs-content":"","ast-featured-img":"disabled","footer-sml-layout":"","ast-disable-related-posts":"","theme-transparent-header-meta":"default","adv-header-id-meta":"","stick-header-meta":"default","header-above-stick-meta":"","header-main-stick-meta":"","header-below-stick-meta":"","astra-migrate-meta-layouts":"default","ast-page-background-enabled":"default","ast-page-background-meta":{"desktop":{"background-color":"","background-image":"","background-repeat":"repeat","background-position":"center center","background-size":"auto","background-attachment":"scroll","background-type":"","background-media":"","overlay-type":"","overlay-color":"","overlay-opacity":"","overlay-gradient":""},"tablet":{"background-color":"","background-image":"","background-repeat":"repeat","background-position":"center center","background-size":"auto","background-attachment":"scroll","background-type":"","background-media":"","overlay-type":"","overlay-color":"","overlay-opacity":"","overlay-gradient":""},"mobile":{"background-color":"","background-image":"","background-repeat":"repeat","background-position":"center center","background-size":"auto","background-attachment":"scroll","background-type":"","background-media":"","overlay-type":"","overlay-color":"","overlay-opacity":"","overlay-gradient":""}},"ast-content-background-meta":{"desktop":{"background-color":"var(--ast-global-color-5)","background-image":"","background-repeat":"repeat","background-position":"center center","background-size":"auto","background-attachment":"scroll","background-type":"","background-media":"","overlay-type":"","overlay-color":"","overlay-opacity":"","overlay-gradient":""},"tablet":{"background-color":"var(--ast-global-color-5)","background-image":"","background-repeat":"repeat","background-position":"center center","background-size":"auto","background-attachment":"scroll","background-type":"","background-media":"","overlay-type":"","overlay-color":"","overlay-opacity":"","overlay-gradient":""},"mobile":{"background-color":"var(--ast-global-color-5)","background-image":"","background-repeat":"repeat","background-position":"center center","background-size":"auto","background-attachment":"scroll","background-type":"","background-media":"","overlay-type":"","overlay-color":"","overlay-opacity":"","overlay-gradient":""}},"_joinchat":[],"footnotes":""},"class_list":["post-9042","page","type-page","status-publish","hentry"],"lang":"es","translations":{"es":9042,"en":3313},"pll_sync_post":[],"_links":{"self":[{"href":"https:\/\/www.compupcsigns.com\/site\/wp-json\/wp\/v2\/pages\/9042","targetHints":{"allow":["GET"]}}],"collection":[{"href":"https:\/\/www.compupcsigns.com\/site\/wp-json\/wp\/v2\/pages"}],"about":[{"href":"https:\/\/www.compupcsigns.com\/site\/wp-json\/wp\/v2\/types\/page"}],"author":[{"embeddable":true,"href":"https:\/\/www.compupcsigns.com\/site\/wp-json\/wp\/v2\/users\/1"}],"replies":[{"embeddable":true,"href":"https:\/\/www.compupcsigns.com\/site\/wp-json\/wp\/v2\/comments?post=9042"}],"version-history":[{"count":17,"href":"https:\/\/www.compupcsigns.com\/site\/wp-json\/wp\/v2\/pages\/9042\/revisions"}],"predecessor-version":[{"id":9059,"href":"https:\/\/www.compupcsigns.com\/site\/wp-json\/wp\/v2\/pages\/9042\/revisions\/9059"}],"wp:attachment":[{"href":"https:\/\/www.compupcsigns.com\/site\/wp-json\/wp\/v2\/media?parent=9042"}],"curies":[{"name":"wp","href":"https:\/\/api.w.org\/{rel}","templated":true}]}}