{"id":9012,"date":"2021-03-04T18:55:56","date_gmt":"2021-03-04T18:55:56","guid":{"rendered":"https:\/\/www.compupcsigns.com\/site\/?page_id=9012"},"modified":"2021-06-11T18:16:08","modified_gmt":"2021-06-11T18:16:08","slug":"politica-de-privacidad","status":"publish","type":"page","link":"https:\/\/www.compupcsigns.com\/site\/es\/politica-de-privacidad\/","title":{"rendered":"Pol\u00edtica de Privacidad"},"content":{"rendered":"\t\t<div data-elementor-type=\"wp-page\" data-elementor-id=\"9012\" class=\"elementor elementor-9012\">\n\t\t\t\t\t\t<section class=\"elementor-section elementor-top-section elementor-element elementor-element-46279c1 elementor-section-boxed elementor-section-height-default elementor-section-height-default\" data-id=\"46279c1\" data-element_type=\"section\" data-e-type=\"section\">\n\t\t\t\t\t\t<div class=\"elementor-container elementor-column-gap-default\">\n\t\t\t\t\t<div class=\"elementor-column elementor-col-100 elementor-top-column elementor-element elementor-element-1a356b6\" data-id=\"1a356b6\" data-element_type=\"column\" data-e-type=\"column\">\n\t\t\t<div class=\"elementor-widget-wrap elementor-element-populated\">\n\t\t\t\t\t\t<div class=\"elementor-element elementor-element-039994b elementor-widget elementor-widget-heading\" data-id=\"039994b\" data-element_type=\"widget\" data-e-type=\"widget\" data-widget_type=\"heading.default\">\n\t\t\t\t<div class=\"elementor-widget-container\">\n\t\t\t\t\t<h1 class=\"elementor-heading-title elementor-size-xl\">Pol\u00edtica de Privacidad<\/h1>\t\t\t\t<\/div>\n\t\t\t\t<\/div>\n\t\t\t\t\t<\/div>\n\t\t<\/div>\n\t\t\t\t\t<\/div>\n\t\t<\/section>\n\t\t\t\t<section class=\"elementor-section elementor-top-section elementor-element elementor-element-cde83c6 elementor-section-boxed elementor-section-height-default elementor-section-height-default\" data-id=\"cde83c6\" data-element_type=\"section\" data-e-type=\"section\">\n\t\t\t\t\t\t<div class=\"elementor-container elementor-column-gap-default\">\n\t\t\t\t\t<div class=\"elementor-column elementor-col-100 elementor-top-column elementor-element elementor-element-b7f5827\" data-id=\"b7f5827\" data-element_type=\"column\" data-e-type=\"column\">\n\t\t\t<div class=\"elementor-widget-wrap elementor-element-populated\">\n\t\t\t\t\t\t<div class=\"elementor-element elementor-element-5d53484 elementor-widget elementor-widget-text-editor\" data-id=\"5d53484\" data-element_type=\"widget\" data-e-type=\"widget\" data-widget_type=\"text-editor.default\">\n\t\t\t\t<div class=\"elementor-widget-container\">\n\t\t\t\t\t\t\t\t\t<p>CompuPc<strong> Signs LLC<\/strong>&nbsp; valora la privacidad de sus usuarios. Esta Pol\u00edtica de privacidad lo ayudar\u00e1 a comprender c\u00f3mo recopilamos y usamos la informaci\u00f3n personal de quienes visitan nuestro sitio web o hacen uso de nuestros servicios en l\u00ednea, y de lo que haremos y no haremos con la informaci\u00f3n que recopilamos. Nuestra pol\u00edtica ha sido dise\u00f1ada y creada para garantizar a los usuarios nuestro compromiso y cumplimiento de nuestra obligaci\u00f3n no solo de cumplir, sino de exceder, la mayor\u00eda de los est\u00e1ndares de privacidad existentes.<\/p>\n<p>Nos reservamos el derecho de hacer cambios a esta Pol\u00edtica en cualquier momento. Si quieres asegurarte si est\u00e1 actualizada con los \u00faltimos cambios, le recomendamos que visite esta p\u00e1gina con frecuencia. Si en cualquier momento <strong>CompuPc Signs LLC<\/strong> decide hacer uso de cualquier identificaci\u00f3n personal o informaci\u00f3n guardada en nuestros archivos o bases de datos, de una manera muy diferente de la que se le indic\u00f3 cuando esta informaci\u00f3n se recopil\u00f3 inicialmente, el usuario o usuarios ser\u00e1n notificados de inmediato por correo electr\u00f3nico. Los usuarios en ese momento tendr\u00e1n la opci\u00f3n de permitir el uso de su informaci\u00f3n de esta manera.<\/p>\n<p>Esta Pol\u00edtica se aplica a <strong>CompuPc Signs LLC<\/strong>, y rige cualquier recopilaci\u00f3n y uso de datos por nuestra parte. Mediante el uso de <strong>www.compupcsigns.com<\/strong>, por lo tanto, acepta los procedimientos de recopilaci\u00f3n de datos expresados en esta Pol\u00edtica.<\/p>\n<p>Tenga en cuenta que esta Pol\u00edtica no rige la recopilaci\u00f3n y el uso de informaci\u00f3n por parte de las compa\u00f1\u00edas que <strong>CompuPc Signs LLC<\/strong> no controla, ni por individuos no empleados o administrados por nosotros. Si visita un sitio web que mencionamos o enlazamos, aseg\u00farese de revisar su pol\u00edtica de privacidad antes de proporcionarle informaci\u00f3n. Se recomienda y sugiere que revise las pol\u00edticas y declaraciones de cualquier sitio web que elija usar o frecuentar para comprender mejor la forma en que los sitios web obtienen, utilizan y comparten la informaci\u00f3n recopilada.<\/p>\n<p>Espec\u00edficamente, esta Pol\u00edtica le informar\u00e1 de lo siguiente<\/p>\n<ol>\n<li>Qu\u00e9 informaci\u00f3n de identificaci\u00f3n personal se recopila de usted a trav\u00e9s de nuestro sitio web.<\/li>\n<li>Por qu\u00e9 recopilamos informaci\u00f3n de identificaci\u00f3n personal y la base legal para dicha recopilaci\u00f3n.<\/li>\n<li>C\u00f3mo utilizamos la informaci\u00f3n recopilada y con qui\u00e9n se puede compartir.<\/li>\n<li>Qu\u00e9 opciones est\u00e1n disponibles para usted con respecto al uso de sus datos.<\/li>\n<li>Los procedimientos de seguridad establecidos para proteger el mal uso de su informaci\u00f3n.<\/li>\n<\/ol>\n<p><strong><u>Informaci\u00f3n que recopilamos<\/u><\/strong><\/p>\n<p>Siempre depende de usted revelarnos informaci\u00f3n de identificaci\u00f3n personal, aunque si elige no hacerlo, nos reservamos el derecho de no registrarlo como usuario o proporcionarle productos o servicios. Este sitio web recopila varios tipos de informaci\u00f3n, como:<\/p>\n<p>Informaci\u00f3n proporcionada voluntariamente que puede incluir su nombre, direcci\u00f3n, direcci\u00f3n de correo electr\u00f3nico, informaci\u00f3n de facturaci\u00f3n y \/ o tarjeta de cr\u00e9dito, etc., que puede usarse cuando compra productos y \/ o servicios y para entregar los productos y\/o servicios que ha solicitado.<\/p>\n<p>Adem\u00e1s, <strong>CompuPc Signs LLC<\/strong> puede tener la oportunidad de recopilar informaci\u00f3n demogr\u00e1fica an\u00f3nima no personal, como edad, sexo, ingresos del hogar, afiliaci\u00f3n pol\u00edtica, raza y religi\u00f3n, as\u00ed como el tipo de navegador que est\u00e1 utilizando, la direcci\u00f3n IP o el tipo de sistema operativo, lo que nos ayudar\u00e1 a proporcionar y mantener un servicio de calidad superior.<\/p>\n<p>Tenga la seguridad de que este sitio solo recopilar\u00e1 informaci\u00f3n personal que usted conoce y proporcione voluntariamente a trav\u00e9s de encuestas, formularios de membres\u00eda y correos electr\u00f3nicos. La intenci\u00f3n de este sitio es utilizar informaci\u00f3n personal solo para el prop\u00f3sito para el cual fue solicitada, y cualquier uso adicional previsto espec\u00edficamente en esta Pol\u00edtica.<\/p>\n<p><strong><u>Por qu\u00e9 recopilamos informaci\u00f3n y por cu\u00e1nto tiempo:<\/u><\/strong><\/p>\n<p>Estamos recopilando sus datos por varias razones:<\/p>\n<ul>\n<li>Para comprender mejor sus necesidades y brindarle los servicios que ha solicitado.<\/li>\n<li>Para cumplir con nuestro inter\u00e9s leg\u00edtimo en mejorar nuestros servicios y productos.<\/li>\n<li>Para enviarle correos electr\u00f3nicos publicitarios o promocionales que contengan informaci\u00f3n que creemos que puede interesarle cuando tengamos su consentimiento para hacerlo.<\/li>\n<li>Para contactarlo a trav\u00e9s de campa\u00f1as de marketing.<\/li>\n<li>Para contactarlo para completar encuestas o participar en otros tipos de investigaci\u00f3n de mercado, cuando tengamos su consentimiento para hacerlo.<\/li>\n<li>Para personalizar nuestro sitio web de acuerdo con su comportamiento en l\u00ednea y sus preferencias personales.<\/li>\n<\/ul>\n<p>Los datos que recopilamos de usted no se almacenar\u00e1n durante m\u00e1s tiempo del necesario. El per\u00edodo de tiempo que retenemos dicha informaci\u00f3n se determinar\u00e1 en funci\u00f3n de los siguientes criterios: el tiempo que su informaci\u00f3n personal sigue siendo relevante; la cantidad de tiempo que es razonable mantener registros para demostrar que hemos cumplido con nuestros deberes y obligaciones; cualquier per\u00edodo de limitaci\u00f3n dentro del cual se puedan hacer reclamos; cualquier per\u00edodo de retenci\u00f3n prescrito por la ley o recomendado por los reguladores, organismos profesionales o asociaciones; el tipo de contrato que tenemos con usted, la existencia de su consentimiento y nuestro inter\u00e9s leg\u00edtimo en mantener dicha informaci\u00f3n como se establece en esta Pol\u00edtica.<\/p>\n<p><strong><u>Uso de la informaci\u00f3n recopilada<\/u><\/strong><\/p>\n<p><strong>CompuPc Signs LLC<\/strong> no vende ni alquila, ni alquilar\u00e1 en el futuro, ninguna de sus listas de clientes y \/ o nombres a terceros. <strong>CompuPc Signs LLC<\/strong> puede recopilar y hacer uso de informaci\u00f3n personal para ayudar en el funcionamiento de nuestro sitio web y para garantizar la entrega de los productos y\/o servicios que necesita y solicita. A veces, podemos encontrar que es necesario utilizar informaci\u00f3n de identificaci\u00f3n personal como un medio para mantenerlo informado de otros posibles productos y \/ o servicios que pueden estar disponibles para usted desde <a href=\"http:\/\/www.compupcsigns.com\"><strong>www.compupcsigns.com<\/strong><\/a><\/p>\n<p><strong>CompuPc Signs LLC<\/strong> tambi\u00e9n puede estar en contacto con usted con respecto a completar encuestas y \/ o cuestionarios de investigaci\u00f3n relacionados con su opini\u00f3n sobre los servicios actuales o potenciales futuros que se pueden ofrecer. <strong>CompuPc Signs LLC<\/strong> utiliza varias funciones de redes sociales de terceros, que incluyen pero no se limitan a Facebook, Instagram, Twitter, Youtube, Pinterest y otros programas interactivos. Estos pueden recopilar su direcci\u00f3n IP y requerir que las cookies funcionen correctamente. Estos servicios se rigen por las pol\u00edticas de privacidad de los proveedores y no est\u00e1n bajo el control de <strong>CompuPc Signs LLC<\/strong>.<\/p>\n<p><span style=\"font-size: 15px; font-style: normal;\">De esta manera<\/span><span style=\"font-size: 15px; font-style: normal; font-weight: 700;\"> CompuPc Signs LLC&nbsp; <\/span><span style=\"font-size: 15px; font-style: normal;\">utiliza servicios de correo electr\u00f3nicos de terceros como Mailchimp y Sendinblue para prop\u00f3sitos de E-mail Marketing. Al registrarse o realizar alguna compra en nuestro sitio web accede a que podamos registrarlo en nuestra base de datos y que podamos contactarle por correo electr\u00f3nico con el fin de ofrecerle nuestros servicios, productos, promociones o material informativo.<\/span><br><\/p>\n<p><strong><u>Revelaci\u00f3n de informaci\u00f3n<\/u><\/strong><\/p>\n<p><strong>CompuPc Signs LLC<\/strong> no puede usar ni divulgar la informaci\u00f3n proporcionada por usted, excepto en las siguientes circunstancias:<\/p>\n<ul>\n<li>Seg\u00fan sea necesario para proporcionar servicios o productos que haya solicitado.<\/li>\n<li>De otras maneras descritas en esta Pol\u00edtica o a las cuales usted haya dado su consentimiento.<\/li>\n<li>En conjunto con otra informaci\u00f3n de tal manera que su identidad no pueda determinarse razonablemente.<\/li>\n<li>Seg\u00fan lo requiera la ley, o en respuesta a una citaci\u00f3n o orden de allanamiento.<\/li>\n<li>A auditores externos que hayan acordado mantener la confidencialidad de la informaci\u00f3n.<\/li>\n<li>Seg\u00fan sea necesario para hacer cumplir los T\u00e9rminos de servicio.<\/li>\n<li>Seg\u00fan sea necesario para mantener, salvaguardar y preservar todos los derechos y propiedad de <strong>CompuPc Signs LLC<\/strong>.<\/li>\n<\/ul>\n<p><strong><u>Fines no comerciales<\/u><\/strong><\/p>\n<p><strong>CompuPc Signs LLC<\/strong> respeta en gran medida su privacidad. Mantenemos y nos reservamos el derecho de contactarlo si es necesario para fines no comerciales (como alertas de errores, infracciones de seguridad, problemas de cuenta y \/ o cambios en los productos y servicios de <strong>CompuPc Signs LLC<\/strong>). En ciertas circunstancias, podemos usar nuestro sitio web, peri\u00f3dicos u otros medios p\u00fablicos para publicar un aviso.<\/p>\n<p><strong><u>Ni\u00f1os menores de 13 a\u00f1os<\/u><\/strong><\/p>\n<p>El sitio web de <strong>CompuPc Signs LLC<\/strong> no est\u00e1 dirigido a ni\u00f1os menores de trece (13) a\u00f1os y no recopila deliberadamente informaci\u00f3n personal identificable de ellos. Si se determina que dicha informaci\u00f3n se ha recopilado inadvertidamente sobre cualquier persona menor de trece (13) a\u00f1os, tomaremos de inmediato las medidas necesarias para garantizar que dicha informaci\u00f3n se elimine de la base de datos de nuestro sistema o, como alternativa, un consentimiento paterno verificable para el uso y almacenamiento de dicha informaci\u00f3n. Cualquier persona menor de trece (13) a\u00f1os debe buscar y obtener el permiso de los padres o tutores para usar este sitio web.<\/p>\n<p><strong><u>Darse de baja <\/u><\/strong><\/p>\n<p>Todos los usuarios y visitantes de nuestro sitio web tienen la opci\u00f3n de dejar de recibir nuestras comunicaciones por correo electr\u00f3nico o boletines informativos. Para suspender o cancelar la suscripci\u00f3n a nuestro sitio web, env\u00ede un correo electr\u00f3nico que desee cancelar la suscripci\u00f3n a <strong>web@compupcsigns.com<\/strong><\/p>\n<p>Tambi\u00e9n puede cancelar su suscripci\u00f3n a nuestras listas de correos electr\u00f3nicos de haciendo click en el enlace ubicado en el pie de p\u00e1gina del correo donde dice cancelar suscripci\u00f3n.<\/p>\n<p>Si desea darse de baja de cualquier sitio web de terceros, debe ir a ese sitio web espec\u00edfico para darse de baja. <strong>CompuPc Signs LLC<\/strong> continuar\u00e1 adhiri\u00e9ndose a esta Pol\u00edtica con respecto a cualquier informaci\u00f3n personal recopilada previamente.<\/p>\n<p><strong><u>Enlaces a otros sitios web<\/u><\/strong><\/p>\n<p>Nuestro sitio web contiene enlaces a afiliados y otros sitios web. <strong>CompuPc Signs LLC<\/strong> no reclama ni acepta responsabilidad por ninguna pol\u00edtica de privacidad, pr\u00e1cticas y \/ o procedimientos de otros sitios web. Por lo tanto, alentamos a todos los usuarios y visitantes a que se den cuenta cuando abandonen nuestro sitio web y para leer las declaraciones de privacidad de cada sitio web que recopila datos de informaci\u00f3n personal. Este acuerdo de pol\u00edtica de privacidad se aplica \u00fanica y exclusivamente a la informaci\u00f3n recopilada por nuestra p\u00e1gina web.<\/p>\n<p><strong><u>Aviso a los usuarios de la Uni\u00f3n Europea<\/u><\/strong><\/p>\n<p>Las operaciones de <strong>CompuPc Signs LLC<\/strong> se encuentran principalmente en los Estados Unidos. Si nos proporciona informaci\u00f3n, la informaci\u00f3n ser\u00e1 transferida fuera de la Uni\u00f3n Europea (UE) y enviada a los Estados Unidos (La decisi\u00f3n de adecuaci\u00f3n sobre la privacidad UE-EE. UU. Entr\u00f3 en vigencia el 1 de agosto de 2016. Este marco protege los derechos fundamentales de cualquier persona en la UE cuyos datos personales se transfieran a los Estados Unidos con fines comerciales. Permite la transferencia gratuita de datos a empresas que est\u00e1n certificadas en los EE. UU. bajo el Escudo de privacidad). Para nosotros, usted da su consentimiento para su almacenamiento y uso como se describe en esta Pol\u00edtica.<\/p>\n<p><strong><u>Seguridad<\/u><\/strong><\/p>\n<p><strong>CompuPc Signs LLC<\/strong> toma precauciones para proteger su informaci\u00f3n. Cuando env\u00eda informaci\u00f3n confidencial a trav\u00e9s del sitio web, su informaci\u00f3n est\u00e1 protegida tanto en l\u00ednea como fuera de l\u00ednea. Donde quiera que recolectemos informaci\u00f3n confidencial (por ejemplo, informaci\u00f3n de tarjeta de cr\u00e9dito), esa informaci\u00f3n se encripta y se nos transmite de manera segura. Puede verificar esto buscando un icono de candado en la barra de direcciones y buscando &#8220;https&#8221; al comienzo de la direcci\u00f3n de la p\u00e1gina web.<\/p>\n<p>Si bien utilizamos el cifrado para proteger la informaci\u00f3n confidencial transmitida en l\u00ednea, tambi\u00e9n protegemos su informaci\u00f3n fuera de l\u00ednea. Solo los empleados que necesitan la informaci\u00f3n para realizar un trabajo espec\u00edfico (por ejemplo, facturaci\u00f3n o servicio al cliente) tienen acceso a informaci\u00f3n de identificaci\u00f3n personal. Las computadoras y servidores en los que almacenamos informaci\u00f3n de identificaci\u00f3n personal se guardan en un entorno seguro. Todo esto se hace para evitar cualquier p\u00e9rdida, mal uso, acceso no autorizado, divulgaci\u00f3n o modificaci\u00f3n de la informaci\u00f3n personal del usuario bajo nuestro control. La compa\u00f1\u00eda tambi\u00e9n utiliza Secure Socket Layer (SSL) para la autenticaci\u00f3n y las comunicaciones privadas para aumentar la confianza de los usuarios en Internet y el uso del sitio web al proporcionar un acceso y comunicaci\u00f3n simple y segura de tarjetas de cr\u00e9dito e informaci\u00f3n personal.<\/p>\n<p><strong><u>Aceptaci\u00f3n de los t\u00e9rminos<\/u><\/strong><\/p>\n<p>Al utilizar este sitio web, usted acepta los t\u00e9rminos y condiciones estipulados en el acuerdo de pol\u00edtica de privacidad. Si no est\u00e1 de acuerdo con nuestros t\u00e9rminos y condiciones, entonces usted debe abstenerse de seguir utilizando nuestros sitios. Adem\u00e1s, su uso continuo de nuestro sitio web despu\u00e9s de la publicaci\u00f3n de cualquier actualizaci\u00f3n o cambio en nuestros t\u00e9rminos y condiciones significar\u00e1 que usted est\u00e1 de acuerdo y acepta de dichos cambios.<\/p>\n<p><strong><u>C\u00f3mo contactarnos<\/u><\/strong><\/p>\n<p>Si tiene alguna pregunta o inquietud con respecto al Acuerdo de pol\u00edtica de privacidad relacionado con nuestro sitio web, no dude en contactarnos en el siguiente correo electr\u00f3nico o n\u00famero de tel\u00e9fono.<\/p>\n<p>Email: <strong>web@compupcsigns.com<\/strong><\/p>\n<p><strong>Tel\u00e9fono: +1 (407) 721-8628<\/strong><\/p>\n<p><strong>CompuPc Signs LLC<\/strong><\/p>\n<p><strong>Orlando, Florida.<\/strong><\/p>\t\t\t\t\t\t\t\t<\/div>\n\t\t\t\t<\/div>\n\t\t\t\t\t<\/div>\n\t\t<\/div>\n\t\t\t\t\t<\/div>\n\t\t<\/section>\n\t\t\t\t<\/div>\n\t\t","protected":false},"excerpt":{"rendered":"<p>Pol\u00edtica de Privacidad CompuPc Signs LLC&nbsp; valora la privacidad de sus usuarios. Esta Pol\u00edtica de privacidad lo ayudar\u00e1 a comprender c\u00f3mo recopilamos y usamos la informaci\u00f3n personal de quienes visitan nuestro sitio web o hacen uso de nuestros servicios en l\u00ednea, y de lo que haremos y no haremos con la informaci\u00f3n que recopilamos. Nuestra [&hellip;]<\/p>\n","protected":false},"author":1,"featured_media":0,"parent":0,"menu_order":0,"comment_status":"closed","ping_status":"closed","template":"","meta":{"site-sidebar-layout":"no-sidebar","site-content-layout":"page-builder","ast-site-content-layout":"default","site-content-style":"default","site-sidebar-style":"default","ast-global-header-display":"","ast-banner-title-visibility":"","ast-main-header-display":"","ast-hfb-above-header-display":"","ast-hfb-below-header-display":"","ast-hfb-mobile-header-display":"","site-post-title":"disabled","ast-breadcrumbs-content":"","ast-featured-img":"disabled","footer-sml-layout":"","ast-disable-related-posts":"","theme-transparent-header-meta":"default","adv-header-id-meta":"","stick-header-meta":"default","header-above-stick-meta":"","header-main-stick-meta":"","header-below-stick-meta":"","astra-migrate-meta-layouts":"default","ast-page-background-enabled":"default","ast-page-background-meta":{"desktop":{"background-color":"","background-image":"","background-repeat":"repeat","background-position":"center center","background-size":"auto","background-attachment":"scroll","background-type":"","background-media":"","overlay-type":"","overlay-color":"","overlay-opacity":"","overlay-gradient":""},"tablet":{"background-color":"","background-image":"","background-repeat":"repeat","background-position":"center center","background-size":"auto","background-attachment":"scroll","background-type":"","background-media":"","overlay-type":"","overlay-color":"","overlay-opacity":"","overlay-gradient":""},"mobile":{"background-color":"","background-image":"","background-repeat":"repeat","background-position":"center center","background-size":"auto","background-attachment":"scroll","background-type":"","background-media":"","overlay-type":"","overlay-color":"","overlay-opacity":"","overlay-gradient":""}},"ast-content-background-meta":{"desktop":{"background-color":"var(--ast-global-color-5)","background-image":"","background-repeat":"repeat","background-position":"center center","background-size":"auto","background-attachment":"scroll","background-type":"","background-media":"","overlay-type":"","overlay-color":"","overlay-opacity":"","overlay-gradient":""},"tablet":{"background-color":"var(--ast-global-color-5)","background-image":"","background-repeat":"repeat","background-position":"center center","background-size":"auto","background-attachment":"scroll","background-type":"","background-media":"","overlay-type":"","overlay-color":"","overlay-opacity":"","overlay-gradient":""},"mobile":{"background-color":"var(--ast-global-color-5)","background-image":"","background-repeat":"repeat","background-position":"center center","background-size":"auto","background-attachment":"scroll","background-type":"","background-media":"","overlay-type":"","overlay-color":"","overlay-opacity":"","overlay-gradient":""}},"_joinchat":[],"footnotes":""},"class_list":["post-9012","page","type-page","status-publish","hentry"],"lang":"es","translations":{"es":9012,"en":3297},"pll_sync_post":[],"_links":{"self":[{"href":"https:\/\/www.compupcsigns.com\/site\/wp-json\/wp\/v2\/pages\/9012","targetHints":{"allow":["GET"]}}],"collection":[{"href":"https:\/\/www.compupcsigns.com\/site\/wp-json\/wp\/v2\/pages"}],"about":[{"href":"https:\/\/www.compupcsigns.com\/site\/wp-json\/wp\/v2\/types\/page"}],"author":[{"embeddable":true,"href":"https:\/\/www.compupcsigns.com\/site\/wp-json\/wp\/v2\/users\/1"}],"replies":[{"embeddable":true,"href":"https:\/\/www.compupcsigns.com\/site\/wp-json\/wp\/v2\/comments?post=9012"}],"version-history":[{"count":20,"href":"https:\/\/www.compupcsigns.com\/site\/wp-json\/wp\/v2\/pages\/9012\/revisions"}],"predecessor-version":[{"id":11344,"href":"https:\/\/www.compupcsigns.com\/site\/wp-json\/wp\/v2\/pages\/9012\/revisions\/11344"}],"wp:attachment":[{"href":"https:\/\/www.compupcsigns.com\/site\/wp-json\/wp\/v2\/media?parent=9012"}],"curies":[{"name":"wp","href":"https:\/\/api.w.org\/{rel}","templated":true}]}}